{"id":1018,"date":"2020-09-09T03:05:53","date_gmt":"2020-09-09T01:05:53","guid":{"rendered":"https:\/\/www.etsguegan.com\/index.php\/about\/"},"modified":"2025-11-10T14:35:00","modified_gmt":"2025-11-10T13:35:00","slug":"guegan","status":"publish","type":"page","link":"https:\/\/www.etsguegan.com\/index.php\/guegan\/","title":{"rendered":"GUEGAN"},"content":{"rendered":"\n<div class=\"wp-block-cover alignfull is-light\" style=\"min-height:701px;aspect-ratio:unset;\"><img fetchpriority=\"high\" decoding=\"async\" width=\"1920\" height=\"1200\" class=\"wp-block-cover__image-background wp-image-2652\" alt=\"\" src=\"https:\/\/www.etsguegan.com\/wp-content\/uploads\/2025\/01\/IMG_3111-Avec-accentuation-NR-scaled.webp\" style=\"object-position:50% 25%\" data-object-fit=\"cover\" data-object-position=\"50% 25%\" srcset=\"https:\/\/www.etsguegan.com\/wp-content\/uploads\/2025\/01\/IMG_3111-Avec-accentuation-NR-scaled.webp 1920w, https:\/\/www.etsguegan.com\/wp-content\/uploads\/2025\/01\/IMG_3111-Avec-accentuation-NR-300x188.webp 300w, https:\/\/www.etsguegan.com\/wp-content\/uploads\/2025\/01\/IMG_3111-Avec-accentuation-NR-1024x640.webp 1024w, https:\/\/www.etsguegan.com\/wp-content\/uploads\/2025\/01\/IMG_3111-Avec-accentuation-NR-768x480.webp 768w, https:\/\/www.etsguegan.com\/wp-content\/uploads\/2025\/01\/IMG_3111-Avec-accentuation-NR-1536x960.webp 1536w, https:\/\/www.etsguegan.com\/wp-content\/uploads\/2025\/01\/IMG_3111-Avec-accentuation-NR-2048x1280.webp 2048w\" sizes=\"(max-width: 1920px) 100vw, 1920px\" \/><span aria-hidden=\"true\" class=\"wp-block-cover__background has-background-dim-20 has-background-dim\" style=\"background-color:#9d887f\"><\/span><div class=\"wp-block-cover__inner-container is-layout-flow wp-block-cover-is-layout-flow\">\n<p class=\"has-text-align-center has-large-font-size\"><\/p>\n<\/div><\/div>\n\n\n\n<div style=\"height:100px\" aria-hidden=\"true\" class=\"wp-block-spacer\"><\/div>\n\n\n\n<h1 class=\"wp-block-heading has-text-color has-link-color wp-elements-31ca862e57e451cab713c167af8a270f\" style=\"color:#c19968\"><strong>GUEGAN<\/strong><\/h1>\n\n\n\n<hr class=\"wp-block-separator alignfull has-text-color has-alpha-channel-opacity has-background is-style-wide\" style=\"background-color:#c19968;color:#c19968\"\/>\n\n\n\n<div class=\"wp-block-media-text alignwide has-media-on-the-right is-stacked-on-mobile is-vertically-aligned-center\" style=\"grid-template-columns:auto 45%\"><div class=\"wp-block-media-text__content\">\n<h2 class=\"wp-block-heading has-text-align-center has-ast-global-color-2-color has-text-color has-link-color wp-elements-3f69bde9ec8c5bff846aafa0696b52ff\" style=\"font-size:34px;text-decoration:underline\"><strong>L&rsquo;HISTOIRE DES \u00c9TABLISSEMENTS GUEGAN :<\/strong><\/h2>\n\n\n\n<p style=\"font-size:26px;font-style:normal;font-weight:100\">En 1954, <strong>Jean et Antonin GUEGAN<\/strong> fondent les <strong>\u00c9tablissements GUEGAN<\/strong>, une entreprise familiale sp\u00e9cialis\u00e9e dans la menuiserie.<\/p>\n\n\n\n<p style=\"font-size:26px;font-style:normal;font-weight:100\">Au fil des ann\u00e9es, l\u2019entreprise acquiert une <strong>solide r\u00e9putation<\/strong> gr\u00e2ce \u00e0 la <strong>qualit\u00e9 de ses r\u00e9alisations<\/strong> et \u00e0 son <strong>savoir-faire artisanal<\/strong>. Elle devient rapidement <strong>un acteur reconnu dans le domaine de la menuiserie<\/strong>, tant pour la rigueur de son travail que pour la durabilit\u00e9 de ses produits.<\/p>\n\n\n\n<p class=\"has-text-align-left\" style=\"font-size:26px;font-style:normal;font-weight:100\">Il y a une trentaine d\u2019ann\u00e9es, <strong>Jean-Fran\u00e7ois GUEGAN<\/strong> et <strong>V\u00e9ronique DOULLE<\/strong>, fr\u00e8re et s\u0153ur, reprennent l\u2019entreprise.<br>Ils perp\u00e9tuent ainsi <strong>l\u2019h\u00e9ritage familial<\/strong> tout en accompagnant <strong>le d\u00e9veloppement de la soci\u00e9t\u00e9<\/strong>. Sous leur direction, les \u00c9tablissements GUEGAN modernisent leurs outils de production tout en <strong>pr\u00e9servant les gestes traditionnels<\/strong> transmis par les <strong>Ma\u00eetres compagnons<\/strong>.<\/p>\n<\/div><figure class=\"wp-block-media-text__media\"><img decoding=\"async\" width=\"1024\" height=\"653\" src=\"https:\/\/www.etsguegan.com\/wp-content\/uploads\/2022\/10\/Freres-GUEGAN-1024x653.jpg\" alt=\"GUEGAN\" class=\"wp-image-1319 size-full\" srcset=\"https:\/\/www.etsguegan.com\/wp-content\/uploads\/2022\/10\/Freres-GUEGAN-1024x653.jpg 1024w, https:\/\/www.etsguegan.com\/wp-content\/uploads\/2022\/10\/Freres-GUEGAN-300x191.jpg 300w, https:\/\/www.etsguegan.com\/wp-content\/uploads\/2022\/10\/Freres-GUEGAN-768x490.jpg 768w, https:\/\/www.etsguegan.com\/wp-content\/uploads\/2022\/10\/Freres-GUEGAN-1536x980.jpg 1536w, https:\/\/www.etsguegan.com\/wp-content\/uploads\/2022\/10\/Freres-GUEGAN-2048x1307.jpg 2048w, https:\/\/www.etsguegan.com\/wp-content\/uploads\/2022\/10\/Freres-GUEGAN-scaled.jpg 1920w\" sizes=\"(max-width: 1024px) 100vw, 1024px\" \/><\/figure><\/div>\n\n\n\n<div style=\"height:100px\" aria-hidden=\"true\" class=\"wp-block-spacer\"><\/div>\n\n\n\n<div class=\"wp-block-media-text\" style=\"grid-template-columns:45% auto\"><figure class=\"wp-block-media-text__media\"><img decoding=\"async\" src=\"https:\/\/www.etsguegan.com\/wp-content\/uploads\/2024\/05\/IMG_2459-Avec-accentuation-NR.jpg\" alt=\"GUEGAN\" class=\"wp-image-2577 size-full\"\/><\/figure><div class=\"wp-block-media-text__content\">\n<p style=\"font-size:26px;font-style:normal;font-weight:100\">Apr\u00e8s <strong>70 ans d\u2019histoire<\/strong>, une <strong>nouvelle g\u00e9n\u00e9ration<\/strong> prend la rel\u00e8ve.<br><strong>Julien MASSOULLE<\/strong> et sa compagne <strong>Aline MASSOULLE<\/strong>, neveu et ni\u00e8ce des anciens dirigeants, poursuivent l\u2019aventure.<\/p>\n\n\n\n<p style=\"font-size:26px;font-style:normal;font-weight:100\">Ce changement marque une <strong>nouvelle \u00e9tape<\/strong> dans la continuit\u00e9 familiale, tout en conservant <strong>l\u2019expertise et l\u2019exigence<\/strong> qui ont fait la r\u00e9putation de l\u2019entreprise.<\/p>\n\n\n\n<p style=\"font-size:26px;font-style:normal;font-weight:100\">Cette transition apporte <strong>une vision moderne<\/strong> et <strong>de nouvelles strat\u00e9gies<\/strong> pour renforcer la performance et la durabilit\u00e9 des ateliers.<\/p>\n\n\n\n<p style=\"font-size:26px;font-style:normal;font-weight:100\">Ainsi, les \u00c9tablissements GUEGAN allient <strong>tradition et innovation<\/strong>, offrant \u00e0 leurs clients des produits <strong>sur mesure<\/strong>, <strong>fiables<\/strong> et <strong>\u00e9l\u00e9gants<\/strong>.<\/p>\n<\/div><\/div>\n\n\n\n<div style=\"height:150px\" aria-hidden=\"true\" class=\"wp-block-spacer\"><\/div>\n\n\n\n<ul style=\"font-size:26px\" class=\"wp-block-list has-ast-global-color-2-color has-text-color has-link-color wp-elements-f48e76838f98957245ca987b7c2fc022\">\n<li style=\"font-size:26px\"><strong>1954 : Jean et Antonin cr\u00e9ent leur soci\u00e9t\u00e9 de menuiserie artisanale.<\/strong><\/li>\n\n\n\n<li style=\"font-size:26px\"><strong>1973 : La soci\u00e9t\u00e9 devient une SARL.<\/strong><\/li>\n\n\n\n<li style=\"font-size:26px\"><strong>1989 : Jean Fran\u00e7ois et V\u00e9ronique reprennent la menuiserie.<\/strong><\/li>\n\n\n\n<li style=\"font-size:26px\">2024 : Reprise de l&rsquo;entreprise par Julien et Aline MASSOULLE &#8211; \u00c9tablissements GUEGAN devient GUEGAN &#8211; Changement de logo.<\/li>\n<\/ul>\n\n\n\n<div style=\"height:150px\" aria-hidden=\"true\" class=\"wp-block-spacer\"><\/div>\n\n\n\n<div class=\"wp-block-media-text alignwide is-stacked-on-mobile\" style=\"grid-template-columns:45% auto\"><figure class=\"wp-block-media-text__media\"><img decoding=\"async\" width=\"1024\" height=\"576\" src=\"https:\/\/www.etsguegan.com\/wp-content\/uploads\/2022\/12\/Sans-titre-1024x576.png\" alt=\"Atelier\" class=\"wp-image-1739 size-full\" srcset=\"https:\/\/www.etsguegan.com\/wp-content\/uploads\/2022\/12\/Sans-titre-1024x576.png 1024w, https:\/\/www.etsguegan.com\/wp-content\/uploads\/2022\/12\/Sans-titre-300x169.png 300w, https:\/\/www.etsguegan.com\/wp-content\/uploads\/2022\/12\/Sans-titre-768x432.png 768w, https:\/\/www.etsguegan.com\/wp-content\/uploads\/2022\/12\/Sans-titre-1536x864.png 1536w, https:\/\/www.etsguegan.com\/wp-content\/uploads\/2022\/12\/Sans-titre.png 1920w\" sizes=\"(max-width: 1024px) 100vw, 1024px\" \/><\/figure><div class=\"wp-block-media-text__content\">\n<h2 class=\"wp-block-heading has-text-align-center has-ast-global-color-2-color has-text-color has-link-color wp-elements-c469fc7b89c675d5ba3fa59596f69704\" style=\"font-size:34px;text-decoration:underline\">Notre <strong>atelier<\/strong> est organis\u00e9 en quatre p\u00f4les compl\u00e9mentaires :<\/h2>\n\n\n\n<p style=\"font-size:26px;font-style:normal;font-weight:100\">&nbsp;&nbsp;&nbsp;&nbsp; &#8211; Les <strong>machines num\u00e9riques<\/strong>, pour une pr\u00e9cision optimale,<br>&nbsp;&nbsp;&nbsp;&nbsp; &#8211; Les <strong>machines traditionnelles<\/strong>, garantes du savoir-faire artisanal,<br>&nbsp;&nbsp;&nbsp;&nbsp; &#8211; L\u2019<strong>atelier de montage<\/strong>, o\u00f9 chaque ouvrage prend forme,<br>&nbsp;&nbsp;&nbsp;&nbsp; &#8211; L\u2019<strong>atelier r\u00e9sine et mat\u00e9riaux de synth\u00e8se<\/strong>, pour des finitions modernes et r\u00e9sistantes.<\/p>\n\n\n\n<p style=\"font-size:26px;font-style:normal;font-weight:100\">Nos espaces de travail sont con\u00e7us pour r\u00e9aliser <strong>tous types d\u2019ouvrages<\/strong>, en associant <strong>modernit\u00e9<\/strong> et <strong>tradition artisanale<\/strong>.<\/p>\n<\/div><\/div>\n\n\n\n<div style=\"height:150px\" aria-hidden=\"true\" class=\"wp-block-spacer\"><\/div>\n\n\n\n<div class=\"wp-block-media-text alignwide has-media-on-the-right is-stacked-on-mobile\" style=\"grid-template-columns:auto 45%\"><div class=\"wp-block-media-text__content\">\n<h2 class=\"wp-block-heading has-text-align-center has-ast-global-color-2-color has-text-color has-link-color wp-elements-4ee5b8bb4adcac2d7fe0bd15e2650d9f\" style=\"font-size:34px;text-decoration:underline\"><strong>Notre bureau d&rsquo;\u00e9tudes :<\/strong><\/h2>\n\n\n\n<p style=\"font-size:26px;font-style:normal;font-weight:100\">Enfin, notre <strong>bureau d\u2019\u00e9tudes<\/strong> con\u00e7oit des <strong>plans 2D et 3D<\/strong> pour chaque projet, du plus simple au plus complexe.<br>Nous pla\u00e7ons au c\u0153ur de notre d\u00e9marche les principes <strong>d\u2019\u00e9co-conception<\/strong> et de <strong>responsabilit\u00e9 environnementale<\/strong>, parfaitement align\u00e9s avec notre outil num\u00e9rique.<\/p>\n<\/div><figure class=\"wp-block-media-text__media\"><img loading=\"lazy\" decoding=\"async\" width=\"1024\" height=\"576\" src=\"https:\/\/www.etsguegan.com\/wp-content\/uploads\/2022\/12\/Sans-titre-2-1024x576.png\" alt=\"Bureau d'\u00e9tudes\" class=\"wp-image-1744 size-full\" srcset=\"https:\/\/www.etsguegan.com\/wp-content\/uploads\/2022\/12\/Sans-titre-2-1024x576.png 1024w, https:\/\/www.etsguegan.com\/wp-content\/uploads\/2022\/12\/Sans-titre-2-300x169.png 300w, https:\/\/www.etsguegan.com\/wp-content\/uploads\/2022\/12\/Sans-titre-2-768x432.png 768w, https:\/\/www.etsguegan.com\/wp-content\/uploads\/2022\/12\/Sans-titre-2-1536x864.png 1536w, https:\/\/www.etsguegan.com\/wp-content\/uploads\/2022\/12\/Sans-titre-2.png 1920w\" sizes=\"(max-width: 1024px) 100vw, 1024px\" \/><\/figure><\/div>\n\n\n\n<p style=\"font-size:26px;font-style:normal;font-weight:100\">D\u00e9couvrez nos <a href=\"https:\/\/www.etsguegan.com\/index.php\/realisations\/\">r\u00e9alisations<\/a> et <a href=\"https:\/\/www.etsguegan.com\/index.php\/recrutement-cdi-cdd\/\">rejoignez nous<\/a>. <br>De plus, si vous souhaitez conna\u00eetre les m\u00e9tiers du bois, visitez le site de l\u2019Onisep sur&nbsp;<a href=\"https:\/\/www.onisep.fr\/metier\/decouvrir-le-monde-professionnel\/filiere-bois\/les-metiers-et-l-emploi-dans-la-filiere-bois\">les m\u00e9tiers et l\u2019emploi dans la fili\u00e8re bois.<\/a><\/p>\n\n\n\n<div style=\"height:150px\" aria-hidden=\"true\" class=\"wp-block-spacer\"><\/div>\n\n\n\n<h3 class=\"wp-block-heading has-text-align-center has-text-color has-link-color has-x-large-font-size wp-elements-644d2039043e2b238d2532fdb74d48b6\" style=\"color:#c19968\"><strong>Bienvenue chez GUEGAN !<\/strong><\/h3>\n\n\n\n<div style=\"height:150px\" aria-hidden=\"true\" class=\"wp-block-spacer\"><\/div>\n\n\n<div class=\"aligncenter wp-block-site-logo\"><a href=\"https:\/\/www.etsguegan.com\/\" class=\"custom-logo-link\" rel=\"home\"><img loading=\"lazy\" decoding=\"async\" width=\"180\" height=\"59\" src=\"https:\/\/www.etsguegan.com\/wp-content\/uploads\/2024\/05\/cropped-cropped-LOGO-HORIZONTAL-COULEUR-jpg-250x83.webp\" class=\"custom-logo\" alt=\"Guegan\" srcset=\"https:\/\/www.etsguegan.com\/wp-content\/uploads\/2024\/05\/cropped-cropped-LOGO-HORIZONTAL-COULEUR-jpg.webp 1190w, https:\/\/www.etsguegan.com\/wp-content\/uploads\/2024\/05\/cropped-cropped-LOGO-HORIZONTAL-COULEUR-jpg-300x100.webp 300w, https:\/\/www.etsguegan.com\/wp-content\/uploads\/2024\/05\/cropped-cropped-LOGO-HORIZONTAL-COULEUR-jpg-1024x341.webp 1024w, https:\/\/www.etsguegan.com\/wp-content\/uploads\/2024\/05\/cropped-cropped-LOGO-HORIZONTAL-COULEUR-jpg-768x256.webp 768w, https:\/\/www.etsguegan.com\/wp-content\/uploads\/2024\/05\/cropped-cropped-LOGO-HORIZONTAL-COULEUR-jpg-250x83.webp 250w\" sizes=\"(max-width: 180px) 100vw, 180px\" \/><\/a><\/div>\n\n\n<p><\/p>\n","protected":false},"excerpt":{"rendered":"<p>GUEGAN L&rsquo;HISTOIRE DES \u00c9TABLISSEMENTS GUEGAN : En 1954, Jean et Antonin GUEGAN fondent les \u00c9tablissements GUEGAN, une entreprise familiale sp\u00e9cialis\u00e9e dans la menuiserie. Au fil des ann\u00e9es, l\u2019entreprise acquiert une solide r\u00e9putation gr\u00e2ce \u00e0 la qualit\u00e9 de ses r\u00e9alisations et \u00e0 son savoir-faire artisanal. Elle devient rapidement un acteur reconnu dans le domaine de la [&hellip;]<\/p>\n","protected":false},"author":1,"featured_media":0,"parent":0,"menu_order":0,"comment_status":"closed","ping_status":"closed","template":"","meta":{"site-sidebar-layout":"no-sidebar","site-content-layout":"plain-container","ast-site-content-layout":"normal-width-container","site-content-style":"unboxed","site-sidebar-style":"unboxed","ast-global-header-display":"","ast-banner-title-visibility":"","ast-main-header-display":"","ast-hfb-above-header-display":"","ast-hfb-below-header-display":"","ast-hfb-mobile-header-display":"","site-post-title":"disabled","ast-breadcrumbs-content":"","ast-featured-img":"","footer-sml-layout":"","ast-disable-related-posts":"","theme-transparent-header-meta":"enabled","adv-header-id-meta":"","stick-header-meta":"","header-above-stick-meta":"","header-main-stick-meta":"","header-below-stick-meta":"","astra-migrate-meta-layouts":"set","ast-page-background-enabled":"default","ast-page-background-meta":{"desktop":{"background-color":"","background-image":"","background-repeat":"repeat","background-position":"center center","background-size":"auto","background-attachment":"scroll","background-type":"","background-media":"","overlay-type":"","overlay-color":"","overlay-opacity":"","overlay-gradient":""},"tablet":{"background-color":"","background-image":"","background-repeat":"repeat","background-position":"center center","background-size":"auto","background-attachment":"scroll","background-type":"","background-media":"","overlay-type":"","overlay-color":"","overlay-opacity":"","overlay-gradient":""},"mobile":{"background-color":"","background-image":"","background-repeat":"repeat","background-position":"center center","background-size":"auto","background-attachment":"scroll","background-type":"","background-media":"","overlay-type":"","overlay-color":"","overlay-opacity":"","overlay-gradient":""}},"ast-content-background-meta":{"desktop":{"background-color":"var(--ast-global-color-5)","background-image":"","background-repeat":"repeat","background-position":"center center","background-size":"auto","background-attachment":"scroll","background-type":"","background-media":"","overlay-type":"","overlay-color":"","overlay-opacity":"","overlay-gradient":""},"tablet":{"background-color":"var(--ast-global-color-5)","background-image":"","background-repeat":"repeat","background-position":"center center","background-size":"auto","background-attachment":"scroll","background-type":"","background-media":"","overlay-type":"","overlay-color":"","overlay-opacity":"","overlay-gradient":""},"mobile":{"background-color":"var(--ast-global-color-5)","background-image":"","background-repeat":"repeat","background-position":"center center","background-size":"auto","background-attachment":"scroll","background-type":"","background-media":"","overlay-type":"","overlay-color":"","overlay-opacity":"","overlay-gradient":""}},"footnotes":""},"class_list":["post-1018","page","type-page","status-publish","hentry"],"yoast_head":"<!-- This site is optimized with the Yoast SEO plugin v27.4 - https:\/\/yoast.com\/product\/yoast-seo-wordpress\/ -->\n<title>GUEGAN | Menuiserie sur mesure \u00e0 Bobigny<\/title>\n<meta name=\"description\" content=\"Menuiserie artisanale \u00e0 Bobigny depuis 1954. Les \u00c9tablissements GUEGAN allient tradition, qualit\u00e9 et innovation pour vos ouvrages sur mesure.\" \/>\n<meta name=\"robots\" content=\"index, follow, max-snippet:-1, max-image-preview:large, max-video-preview:-1\" \/>\n<link rel=\"canonical\" href=\"https:\/\/www.etsguegan.com\/index.php\/guegan\/\" \/>\n<meta property=\"og:locale\" content=\"fr_FR\" \/>\n<meta property=\"og:type\" content=\"article\" \/>\n<meta property=\"og:title\" content=\"GUEGAN | Menuiserie sur mesure \u00e0 Bobigny\" \/>\n<meta property=\"og:description\" content=\"Menuiserie artisanale \u00e0 Bobigny depuis 1954. Les \u00c9tablissements GUEGAN allient tradition, qualit\u00e9 et innovation pour vos ouvrages sur mesure.\" \/>\n<meta property=\"og:url\" content=\"https:\/\/www.etsguegan.com\/index.php\/guegan\/\" \/>\n<meta property=\"og:site_name\" content=\"GUEGAN\" \/>\n<meta property=\"article:publisher\" content=\"https:\/\/www.facebook.com\/EtablissementsGuegan\" \/>\n<meta property=\"article:modified_time\" content=\"2025-11-10T13:35:00+00:00\" \/>\n<meta property=\"og:image\" content=\"https:\/\/www.etsguegan.com\/wp-content\/uploads\/2025\/01\/IMG_3111-Avec-accentuation-NR-scaled.webp\" \/>\n\t<meta property=\"og:image:width\" content=\"1920\" \/>\n\t<meta property=\"og:image:height\" content=\"1200\" \/>\n\t<meta property=\"og:image:type\" content=\"image\/jpeg\" \/>\n<meta name=\"twitter:card\" content=\"summary_large_image\" \/>\n<meta name=\"twitter:label1\" content=\"Dur\u00e9e de lecture estim\u00e9e\" \/>\n\t<meta name=\"twitter:data1\" content=\"3 minutes\" \/>\n<script type=\"application\/ld+json\" class=\"yoast-schema-graph\">{\"@context\":\"https:\\\/\\\/schema.org\",\"@graph\":[{\"@type\":\"WebPage\",\"@id\":\"https:\\\/\\\/www.etsguegan.com\\\/index.php\\\/guegan\\\/\",\"url\":\"https:\\\/\\\/www.etsguegan.com\\\/index.php\\\/guegan\\\/\",\"name\":\"GUEGAN | Menuiserie sur mesure \u00e0 Bobigny\",\"isPartOf\":{\"@id\":\"https:\\\/\\\/www.etsguegan.com\\\/#website\"},\"primaryImageOfPage\":{\"@id\":\"https:\\\/\\\/www.etsguegan.com\\\/index.php\\\/guegan\\\/#primaryimage\"},\"image\":{\"@id\":\"https:\\\/\\\/www.etsguegan.com\\\/index.php\\\/guegan\\\/#primaryimage\"},\"thumbnailUrl\":\"https:\\\/\\\/www.etsguegan.com\\\/wp-content\\\/uploads\\\/2025\\\/01\\\/IMG_3111-Avec-accentuation-NR-scaled.webp\",\"datePublished\":\"2020-09-09T01:05:53+00:00\",\"dateModified\":\"2025-11-10T13:35:00+00:00\",\"description\":\"Menuiserie artisanale \u00e0 Bobigny depuis 1954. Les \u00c9tablissements GUEGAN allient tradition, qualit\u00e9 et innovation pour vos ouvrages sur mesure.\",\"breadcrumb\":{\"@id\":\"https:\\\/\\\/www.etsguegan.com\\\/index.php\\\/guegan\\\/#breadcrumb\"},\"inLanguage\":\"fr-FR\",\"potentialAction\":[{\"@type\":\"ReadAction\",\"target\":[\"https:\\\/\\\/www.etsguegan.com\\\/index.php\\\/guegan\\\/\"]}]},{\"@type\":\"ImageObject\",\"inLanguage\":\"fr-FR\",\"@id\":\"https:\\\/\\\/www.etsguegan.com\\\/index.php\\\/guegan\\\/#primaryimage\",\"url\":\"https:\\\/\\\/www.etsguegan.com\\\/wp-content\\\/uploads\\\/2025\\\/01\\\/IMG_3111-Avec-accentuation-NR-scaled.webp\",\"contentUrl\":\"https:\\\/\\\/www.etsguegan.com\\\/wp-content\\\/uploads\\\/2025\\\/01\\\/IMG_3111-Avec-accentuation-NR-scaled.webp\",\"width\":1920,\"height\":1200},{\"@type\":\"BreadcrumbList\",\"@id\":\"https:\\\/\\\/www.etsguegan.com\\\/index.php\\\/guegan\\\/#breadcrumb\",\"itemListElement\":[{\"@type\":\"ListItem\",\"position\":1,\"name\":\"Accueil\",\"item\":\"https:\\\/\\\/www.etsguegan.com\\\/\"},{\"@type\":\"ListItem\",\"position\":2,\"name\":\"GUEGAN\"}]},{\"@type\":\"WebSite\",\"@id\":\"https:\\\/\\\/www.etsguegan.com\\\/#website\",\"url\":\"https:\\\/\\\/www.etsguegan.com\\\/\",\"name\":\"GUEGAN\",\"description\":\"Tradition et innovation \u00e0 votre service.\",\"publisher\":{\"@id\":\"https:\\\/\\\/www.etsguegan.com\\\/#organization\"},\"potentialAction\":[{\"@type\":\"SearchAction\",\"target\":{\"@type\":\"EntryPoint\",\"urlTemplate\":\"https:\\\/\\\/www.etsguegan.com\\\/?s={search_term_string}\"},\"query-input\":{\"@type\":\"PropertyValueSpecification\",\"valueRequired\":true,\"valueName\":\"search_term_string\"}}],\"inLanguage\":\"fr-FR\"},{\"@type\":\"Organization\",\"@id\":\"https:\\\/\\\/www.etsguegan.com\\\/#organization\",\"name\":\"GUEGAN\",\"url\":\"https:\\\/\\\/www.etsguegan.com\\\/\",\"logo\":{\"@type\":\"ImageObject\",\"inLanguage\":\"fr-FR\",\"@id\":\"https:\\\/\\\/www.etsguegan.com\\\/#\\\/schema\\\/logo\\\/image\\\/\",\"url\":\"https:\\\/\\\/www.etsguegan.com\\\/wp-content\\\/uploads\\\/2024\\\/05\\\/cropped-cropped-LOGO-HORIZONTAL-COULEUR-jpg.webp\",\"contentUrl\":\"https:\\\/\\\/www.etsguegan.com\\\/wp-content\\\/uploads\\\/2024\\\/05\\\/cropped-cropped-LOGO-HORIZONTAL-COULEUR-jpg.webp\",\"width\":1190,\"height\":396,\"caption\":\"GUEGAN\"},\"image\":{\"@id\":\"https:\\\/\\\/www.etsguegan.com\\\/#\\\/schema\\\/logo\\\/image\\\/\"},\"sameAs\":[\"https:\\\/\\\/www.facebook.com\\\/EtablissementsGuegan\",\"https:\\\/\\\/fr.linkedin.com\\\/company\\\/etablissementsguegan\",\"https:\\\/\\\/www.instagram.com\\\/etablissementsguegan\"]}]}<\/script>\n<!-- \/ Yoast SEO plugin. -->","yoast_head_json":{"title":"GUEGAN | Menuiserie sur mesure \u00e0 Bobigny","description":"Menuiserie artisanale \u00e0 Bobigny depuis 1954. Les \u00c9tablissements GUEGAN allient tradition, qualit\u00e9 et innovation pour vos ouvrages sur mesure.","robots":{"index":"index","follow":"follow","max-snippet":"max-snippet:-1","max-image-preview":"max-image-preview:large","max-video-preview":"max-video-preview:-1"},"canonical":"https:\/\/www.etsguegan.com\/index.php\/guegan\/","og_locale":"fr_FR","og_type":"article","og_title":"GUEGAN | Menuiserie sur mesure \u00e0 Bobigny","og_description":"Menuiserie artisanale \u00e0 Bobigny depuis 1954. Les \u00c9tablissements GUEGAN allient tradition, qualit\u00e9 et innovation pour vos ouvrages sur mesure.","og_url":"https:\/\/www.etsguegan.com\/index.php\/guegan\/","og_site_name":"GUEGAN","article_publisher":"https:\/\/www.facebook.com\/EtablissementsGuegan","article_modified_time":"2025-11-10T13:35:00+00:00","og_image":[{"width":1920,"height":1200,"url":"https:\/\/www.etsguegan.com\/wp-content\/uploads\/2025\/01\/IMG_3111-Avec-accentuation-NR-scaled.webp","type":"image\/jpeg"}],"twitter_card":"summary_large_image","twitter_misc":{"Dur\u00e9e de lecture estim\u00e9e":"3 minutes"},"schema":{"@context":"https:\/\/schema.org","@graph":[{"@type":"WebPage","@id":"https:\/\/www.etsguegan.com\/index.php\/guegan\/","url":"https:\/\/www.etsguegan.com\/index.php\/guegan\/","name":"GUEGAN | Menuiserie sur mesure \u00e0 Bobigny","isPartOf":{"@id":"https:\/\/www.etsguegan.com\/#website"},"primaryImageOfPage":{"@id":"https:\/\/www.etsguegan.com\/index.php\/guegan\/#primaryimage"},"image":{"@id":"https:\/\/www.etsguegan.com\/index.php\/guegan\/#primaryimage"},"thumbnailUrl":"https:\/\/www.etsguegan.com\/wp-content\/uploads\/2025\/01\/IMG_3111-Avec-accentuation-NR-scaled.webp","datePublished":"2020-09-09T01:05:53+00:00","dateModified":"2025-11-10T13:35:00+00:00","description":"Menuiserie artisanale \u00e0 Bobigny depuis 1954. Les \u00c9tablissements GUEGAN allient tradition, qualit\u00e9 et innovation pour vos ouvrages sur mesure.","breadcrumb":{"@id":"https:\/\/www.etsguegan.com\/index.php\/guegan\/#breadcrumb"},"inLanguage":"fr-FR","potentialAction":[{"@type":"ReadAction","target":["https:\/\/www.etsguegan.com\/index.php\/guegan\/"]}]},{"@type":"ImageObject","inLanguage":"fr-FR","@id":"https:\/\/www.etsguegan.com\/index.php\/guegan\/#primaryimage","url":"https:\/\/www.etsguegan.com\/wp-content\/uploads\/2025\/01\/IMG_3111-Avec-accentuation-NR-scaled.webp","contentUrl":"https:\/\/www.etsguegan.com\/wp-content\/uploads\/2025\/01\/IMG_3111-Avec-accentuation-NR-scaled.webp","width":1920,"height":1200},{"@type":"BreadcrumbList","@id":"https:\/\/www.etsguegan.com\/index.php\/guegan\/#breadcrumb","itemListElement":[{"@type":"ListItem","position":1,"name":"Accueil","item":"https:\/\/www.etsguegan.com\/"},{"@type":"ListItem","position":2,"name":"GUEGAN"}]},{"@type":"WebSite","@id":"https:\/\/www.etsguegan.com\/#website","url":"https:\/\/www.etsguegan.com\/","name":"GUEGAN","description":"Tradition et innovation \u00e0 votre service.","publisher":{"@id":"https:\/\/www.etsguegan.com\/#organization"},"potentialAction":[{"@type":"SearchAction","target":{"@type":"EntryPoint","urlTemplate":"https:\/\/www.etsguegan.com\/?s={search_term_string}"},"query-input":{"@type":"PropertyValueSpecification","valueRequired":true,"valueName":"search_term_string"}}],"inLanguage":"fr-FR"},{"@type":"Organization","@id":"https:\/\/www.etsguegan.com\/#organization","name":"GUEGAN","url":"https:\/\/www.etsguegan.com\/","logo":{"@type":"ImageObject","inLanguage":"fr-FR","@id":"https:\/\/www.etsguegan.com\/#\/schema\/logo\/image\/","url":"https:\/\/www.etsguegan.com\/wp-content\/uploads\/2024\/05\/cropped-cropped-LOGO-HORIZONTAL-COULEUR-jpg.webp","contentUrl":"https:\/\/www.etsguegan.com\/wp-content\/uploads\/2024\/05\/cropped-cropped-LOGO-HORIZONTAL-COULEUR-jpg.webp","width":1190,"height":396,"caption":"GUEGAN"},"image":{"@id":"https:\/\/www.etsguegan.com\/#\/schema\/logo\/image\/"},"sameAs":["https:\/\/www.facebook.com\/EtablissementsGuegan","https:\/\/fr.linkedin.com\/company\/etablissementsguegan","https:\/\/www.instagram.com\/etablissementsguegan"]}]}},"jetpack_sharing_enabled":true,"_links":{"self":[{"href":"https:\/\/www.etsguegan.com\/index.php\/wp-json\/wp\/v2\/pages\/1018","targetHints":{"allow":["GET"]}}],"collection":[{"href":"https:\/\/www.etsguegan.com\/index.php\/wp-json\/wp\/v2\/pages"}],"about":[{"href":"https:\/\/www.etsguegan.com\/index.php\/wp-json\/wp\/v2\/types\/page"}],"author":[{"embeddable":true,"href":"https:\/\/www.etsguegan.com\/index.php\/wp-json\/wp\/v2\/users\/1"}],"replies":[{"embeddable":true,"href":"https:\/\/www.etsguegan.com\/index.php\/wp-json\/wp\/v2\/comments?post=1018"}],"version-history":[{"count":0,"href":"https:\/\/www.etsguegan.com\/index.php\/wp-json\/wp\/v2\/pages\/1018\/revisions"}],"wp:attachment":[{"href":"https:\/\/www.etsguegan.com\/index.php\/wp-json\/wp\/v2\/media?parent=1018"}],"curies":[{"name":"wp","href":"https:\/\/api.w.org\/{rel}","templated":true}]}}