{"id":1090,"date":"2022-10-17T12:03:58","date_gmt":"2022-10-17T10:03:58","guid":{"rendered":"https:\/\/www.etsguegan.com\/?page_id=1090"},"modified":"2025-11-10T14:28:48","modified_gmt":"2025-11-10T13:28:48","slug":"recrutement-cdi-cdd","status":"publish","type":"page","link":"https:\/\/www.etsguegan.com\/index.php\/recrutement-cdi-cdd\/","title":{"rendered":"CDI \/ CDD"},"content":{"rendered":"\n<div class=\"wp-block-cover alignfull is-light\" style=\"min-height:700px;aspect-ratio:unset;\"><img fetchpriority=\"high\" decoding=\"async\" width=\"1920\" height=\"1440\" class=\"wp-block-cover__image-background wp-image-2055\" alt=\"recrutement cdi cdd\" src=\"https:\/\/www.etsguegan.com\/wp-content\/uploads\/2023\/01\/CAF-6-scaled.jpeg\" style=\"object-position:47% 57%\" data-object-fit=\"cover\" data-object-position=\"47% 57%\" srcset=\"https:\/\/www.etsguegan.com\/wp-content\/uploads\/2023\/01\/CAF-6-scaled.jpeg 1920w, https:\/\/www.etsguegan.com\/wp-content\/uploads\/2023\/01\/CAF-6-300x225.jpeg 300w, https:\/\/www.etsguegan.com\/wp-content\/uploads\/2023\/01\/CAF-6-1024x768.jpeg 1024w, https:\/\/www.etsguegan.com\/wp-content\/uploads\/2023\/01\/CAF-6-768x576.jpeg 768w, https:\/\/www.etsguegan.com\/wp-content\/uploads\/2023\/01\/CAF-6-1536x1152.jpeg 1536w, https:\/\/www.etsguegan.com\/wp-content\/uploads\/2023\/01\/CAF-6-2048x1536.jpeg 2048w\" sizes=\"(max-width: 1920px) 100vw, 1920px\" \/><span aria-hidden=\"true\" class=\"wp-block-cover__background has-background-dim\"><\/span><div class=\"wp-block-cover__inner-container is-layout-flow wp-block-cover-is-layout-flow\">\n<p class=\"has-text-align-center has-large-font-size\"><\/p>\n<\/div><\/div>\n\n\n\n<div style=\"height:100px\" aria-hidden=\"true\" class=\"wp-block-spacer\"><\/div>\n\n\n\n<h1 class=\"wp-block-heading has-text-color has-link-color wp-elements-efe97043a627e6b28d71acb80f72c4cb\" style=\"color:#c19968\">CDI \/ CDD<\/h1>\n\n\n\n<hr class=\"wp-block-separator has-text-color has-alpha-channel-opacity has-background is-style-wide\" style=\"background-color:#c19968;color:#c19968\"\/>\n\n\n\n<div class=\"wp-block-columns is-layout-flex wp-container-core-columns-is-layout-28f84493 wp-block-columns-is-layout-flex\">\n<div class=\"wp-block-column is-vertically-aligned-center is-layout-flow wp-block-column-is-layout-flow\">\n<p style=\"font-size:26px;font-style:normal;font-weight:100\">Rejoignez les \u00c9tablissements GUEGAN en CDI \/ CDD !<\/p>\n\n\n\n<p style=\"font-size:26px;font-style:normal;font-weight:100\">Les <strong>\u00c9tablissements GUEGAN<\/strong>, menuiserie artisanale situ\u00e9e \u00e0 <strong>Bobigny<\/strong>, allient <strong>savoir-faire traditionnel<\/strong> et <strong>modernit\u00e9<\/strong> depuis pr\u00e8s de 70 ans. Ainsi, nous r\u00e9alisons des ouvrages sur mesure pour des clients exigeants. De plus, nous attachons autant d\u2019importance \u00e0 la qualit\u00e9 qu\u2019au respect des d\u00e9lais.<\/p>\n\n\n\n<p style=\"font-size:26px;font-style:normal;font-weight:100\">Nous avons modernis\u00e9 nos outils de production, tout en pr\u00e9servant les gestes transmis par nos Ma\u00eetres compagnons. Par cons\u00e9quent, nos \u00e9quipes travaillent avec des \u00e9quipements num\u00e9riques performants et des machines traditionnelles. Ensuite, chaque pi\u00e8ce est contr\u00f4l\u00e9e en atelier pour garantir une finition irr\u00e9prochable.<\/p>\n\n\n\n<p style=\"font-size:26px;font-style:normal;font-weight:100\">Chez GUEGAN, l\u2019humain compte avant tout. En effet, nous valorisons le bien-\u00eatre au travail et la formation continue. Nous favorisons le partage des comp\u00e9tences et la mont\u00e9e en responsabilit\u00e9. De surcro\u00eet, l\u2019ambiance est conviviale : la qualit\u00e9 du travail passe par une \u00e9quipe motiv\u00e9e.<\/p>\n\n\n\n<p style=\"font-size:26px;font-style:normal;font-weight:100\">Nous recrutons r\u00e9guli\u00e8rement des <strong>menuisiers<\/strong>, <strong>techniciens d\u2019atelier<\/strong>, <strong>poseurs<\/strong> et <strong>dessinateurs-projeteurs<\/strong>, en <strong>CDI<\/strong> ou <strong>CDD<\/strong>. Si vous aimez les d\u00e9fis techniques et le travail d\u2019\u00e9quipe, notre atelier est fait pour vous. Par ailleurs, nous proposons des parcours de formation adapt\u00e9s selon l\u2019exp\u00e9rience.<\/p>\n\n\n\n<p style=\"font-size:26px;font-style:normal;font-weight:100\">Pour postuler, remplissez le formulaire ci-dessous. Ensuite, joignez votre CV et une lettre (ou quelques lignes) expliquant votre parcours. Toutes les candidatures sont trait\u00e9es de mani\u00e8re <strong>confidentielle<\/strong>. Enfin, nous r\u00e9pondrons rapidement aux profils correspondant \u00e0 nos besoins.<\/p>\n\n\n\n<p style=\"font-size:26px;font-style:normal;font-weight:100\">Pour en savoir plus sur notre entreprise, consultez <a href=\"https:\/\/www.etsguegan.com\/index.php\/guegan\/\">la pr\u00e9sentation des \u00c9tablissements GUEGAN<\/a>. De plus, si vous souhaitez conna\u00eetre les m\u00e9tiers du bois, visitez le site de l&rsquo;Onisep sur <a href=\"https:\/\/www.onisep.fr\/metier\/decouvrir-le-monde-professionnel\/filiere-bois\/les-metiers-et-l-emploi-dans-la-filiere-bois\">les m\u00e9tiers et l&#8217;emploi dans la fili\u00e8re bois.<\/a><\/p>\n\n\n\n<p style=\"font-size:26px;font-style:normal;font-weight:100\">Chez GUEGAN, nous croyons que chaque collaborateur apporte une valeur unique \u00e0 nos projets. En rejoignant notre atelier, vous participerez \u00e0 la r\u00e9alisation d\u2019ouvrages d\u2019exception, dans une entreprise \u00e0 taille humaine o\u00f9 le respect et la qualit\u00e9 sont essentiels. Rejoignez-nous pour construire l\u2019avenir du bois, ensemble.<\/p>\n<\/div>\n<\/div>\n\n\n\n<div style=\"height:100px\" aria-hidden=\"true\" class=\"wp-block-spacer\"><\/div>\n\n\n\n<div class=\"wp-block-columns is-layout-flex wp-container-core-columns-is-layout-28f84493 wp-block-columns-is-layout-flex\">\n<div class=\"wp-block-column is-layout-flow wp-block-column-is-layout-flow\" style=\"flex-basis:25%\"><\/div>\n\n\n\n<div class=\"wp-block-column is-layout-flow wp-block-column-is-layout-flow\" style=\"flex-basis:50%\">\n<div class=\"wp-block-contact-form-7-contact-form-selector\">\n<div class=\"wpcf7 no-js\" id=\"wpcf7-f1842-o1\" lang=\"fr-FR\" dir=\"ltr\" data-wpcf7-id=\"1842\">\n<div class=\"screen-reader-response\"><p role=\"status\" aria-live=\"polite\" aria-atomic=\"true\"><\/p> <ul><\/ul><\/div>\n<form action=\"\/index.php\/wp-json\/wp\/v2\/pages\/1090#wpcf7-f1842-o1\" method=\"post\" class=\"wpcf7-form init\" aria-label=\"Formulaire de contact\" enctype=\"multipart\/form-data\" novalidate=\"novalidate\" data-status=\"init\">\n<fieldset class=\"hidden-fields-container\"><input type=\"hidden\" name=\"_wpcf7\" value=\"1842\" \/><input type=\"hidden\" name=\"_wpcf7_version\" value=\"6.1.5\" \/><input type=\"hidden\" name=\"_wpcf7_locale\" value=\"fr_FR\" \/><input type=\"hidden\" name=\"_wpcf7_unit_tag\" value=\"wpcf7-f1842-o1\" \/><input type=\"hidden\" name=\"_wpcf7_container_post\" value=\"0\" \/><input type=\"hidden\" name=\"_wpcf7_posted_data_hash\" value=\"\" \/><input type=\"hidden\" name=\"_wpcf7_recaptcha_response\" value=\"\" \/>\n<\/fieldset>\n<p><span class=\"wpcf7-form-control-wrap\" data-name=\"your-name\"><input size=\"40\" maxlength=\"400\" class=\"wpcf7-form-control wpcf7-text wpcf7-validates-as-required\" autocomplete=\"name\" aria-required=\"true\" aria-invalid=\"false\" placeholder=\"Nom et pr\u00e9nom\" value=\"\" type=\"text\" name=\"your-name\" \/><\/span>\n<\/p>\n<p><span class=\"wpcf7-form-control-wrap\" data-name=\"your-email\"><input size=\"40\" maxlength=\"400\" class=\"wpcf7-form-control wpcf7-email wpcf7-validates-as-required wpcf7-text wpcf7-validates-as-email\" autocomplete=\"email\" aria-required=\"true\" aria-invalid=\"false\" placeholder=\"E-mail\" value=\"\" type=\"email\" name=\"your-email\" \/><\/span>\n<\/p>\n<p><span class=\"wpcf7-form-control-wrap\" data-name=\"tel-359\"><input size=\"40\" maxlength=\"400\" class=\"wpcf7-form-control wpcf7-tel wpcf7-text wpcf7-validates-as-tel\" aria-invalid=\"false\" placeholder=\"T\u00e9l\u00e9phone\" value=\"\" type=\"tel\" name=\"tel-359\" \/><\/span>\n<\/p>\n<p><span class=\"wpcf7-form-control-wrap\" data-name=\"your-subject\"><input size=\"40\" maxlength=\"400\" class=\"wpcf7-form-control wpcf7-text wpcf7-validates-as-required\" aria-required=\"true\" aria-invalid=\"false\" placeholder=\"Objet\" value=\"\" type=\"text\" name=\"your-subject\" \/><\/span>\n<\/p>\n<p><span class=\"wpcf7-form-control-wrap\" data-name=\"your-message\"><textarea cols=\"40\" rows=\"10\" maxlength=\"2000\" class=\"wpcf7-form-control wpcf7-textarea wpcf7-validates-as-required\" aria-required=\"true\" aria-invalid=\"false\" placeholder=\"Message\" name=\"your-message\"><\/textarea><\/span>\n<\/p>\n<p><span class=\"wpcf7-form-control-wrap\" data-name=\"file-797\"><input size=\"40\" class=\"wpcf7-form-control wpcf7-file\" accept=\".pdf,.doc,.docx,.jpg,.png\" aria-invalid=\"false\" type=\"file\" name=\"file-797\" \/><\/span>\n<\/p>\n<p><span class=\"wpcf7-form-control-wrap\" data-name=\"rgpd-consent\"><span class=\"wpcf7-form-control wpcf7-checkbox wpcf7-validates-as-required\"><span class=\"wpcf7-list-item first last\"><label><input type=\"checkbox\" name=\"rgpd-consent[]\" value=\"J\u2019accepte le traitement de mes donn\u00e9es personnelles\" \/><span class=\"wpcf7-list-item-label\">J\u2019accepte le traitement de mes donn\u00e9es personnelles<\/span><\/label><\/span><\/span><\/span>\n<\/p>\n<p>Consultez notre <a href=\"https:\/\/www.etsguegan.com\/index.php\/politique-de-confidentialite\/\" target=\"_blank\" rel=\"noopener\">politique de confidentialit\u00e9<\/a>.\n<\/p>\n<p><input class=\"wpcf7-form-control wpcf7-submit has-spinner\" type=\"submit\" value=\"Envoyer\" \/>\n<\/p>\n<p class=\"akismet-disclaimer\"><br \/>\nCe formulaire utilise Akismet pour r\u00e9duire le courrier ind\u00e9sirable.<br \/>\n<a target=\"_blank\" rel=\"nofollow noopener\" href=\"https:\/\/akismet.com\/privacy\/\">D\u00e9couvrez comment vos donn\u00e9es sont trait\u00e9es.<\/a>\n<\/p><p style=\"display: none !important;\" class=\"akismet-fields-container\" data-prefix=\"_wpcf7_ak_\"><label>&#916;<textarea name=\"_wpcf7_ak_hp_textarea\" cols=\"45\" rows=\"8\" maxlength=\"100\"><\/textarea><\/label><input type=\"hidden\" id=\"ak_js_1\" name=\"_wpcf7_ak_js\" value=\"83\"\/><script>document.getElementById( \"ak_js_1\" ).setAttribute( \"value\", ( new Date() ).getTime() );<\/script><\/p><div class=\"wpcf7-response-output\" aria-hidden=\"true\"><\/div>\n<\/form>\n<\/div>\n<\/div>\n<\/div>\n\n\n\n<div class=\"wp-block-column is-layout-flow wp-block-column-is-layout-flow\" style=\"flex-basis:25%\"><\/div>\n<\/div>\n\n\n\n<div style=\"height:150px\" aria-hidden=\"true\" class=\"wp-block-spacer\"><\/div>\n\n\n<div class=\"aligncenter wp-block-site-logo\"><a href=\"https:\/\/www.etsguegan.com\/\" class=\"custom-logo-link\" rel=\"home\"><img decoding=\"async\" width=\"180\" height=\"59\" src=\"https:\/\/www.etsguegan.com\/wp-content\/uploads\/2024\/05\/cropped-cropped-LOGO-HORIZONTAL-COULEUR-jpg-250x83.webp\" class=\"custom-logo\" alt=\"Guegan\" srcset=\"https:\/\/www.etsguegan.com\/wp-content\/uploads\/2024\/05\/cropped-cropped-LOGO-HORIZONTAL-COULEUR-jpg.webp 1190w, https:\/\/www.etsguegan.com\/wp-content\/uploads\/2024\/05\/cropped-cropped-LOGO-HORIZONTAL-COULEUR-jpg-300x100.webp 300w, https:\/\/www.etsguegan.com\/wp-content\/uploads\/2024\/05\/cropped-cropped-LOGO-HORIZONTAL-COULEUR-jpg-1024x341.webp 1024w, https:\/\/www.etsguegan.com\/wp-content\/uploads\/2024\/05\/cropped-cropped-LOGO-HORIZONTAL-COULEUR-jpg-768x256.webp 768w, https:\/\/www.etsguegan.com\/wp-content\/uploads\/2024\/05\/cropped-cropped-LOGO-HORIZONTAL-COULEUR-jpg-250x83.webp 250w\" sizes=\"(max-width: 180px) 100vw, 180px\" \/><\/a><\/div>\n\n\n<p><\/p>\n","protected":false},"excerpt":{"rendered":"<p>CDI \/ CDD Rejoignez les \u00c9tablissements GUEGAN en CDI \/ CDD ! Les \u00c9tablissements GUEGAN, menuiserie artisanale situ\u00e9e \u00e0 Bobigny, allient savoir-faire traditionnel et modernit\u00e9 depuis pr\u00e8s de 70 ans. Ainsi, nous r\u00e9alisons des ouvrages sur mesure pour des clients exigeants. De plus, nous attachons autant d\u2019importance \u00e0 la qualit\u00e9 qu\u2019au respect des d\u00e9lais. Nous [&hellip;]<\/p>\n","protected":false},"author":1,"featured_media":0,"parent":0,"menu_order":0,"comment_status":"closed","ping_status":"closed","template":"","meta":{"site-sidebar-layout":"no-sidebar","site-content-layout":"page-builder","ast-site-content-layout":"full-width-container","site-content-style":"unboxed","site-sidebar-style":"unboxed","ast-global-header-display":"","ast-banner-title-visibility":"","ast-main-header-display":"","ast-hfb-above-header-display":"","ast-hfb-below-header-display":"","ast-hfb-mobile-header-display":"","site-post-title":"disabled","ast-breadcrumbs-content":"","ast-featured-img":"disabled","footer-sml-layout":"","ast-disable-related-posts":"","theme-transparent-header-meta":"","adv-header-id-meta":"","stick-header-meta":"","header-above-stick-meta":"","header-main-stick-meta":"","header-below-stick-meta":"","astra-migrate-meta-layouts":"set","ast-page-background-enabled":"default","ast-page-background-meta":{"desktop":{"background-color":"","background-image":"","background-repeat":"repeat","background-position":"center center","background-size":"auto","background-attachment":"scroll","background-type":"","background-media":"","overlay-type":"","overlay-color":"","overlay-opacity":"","overlay-gradient":""},"tablet":{"background-color":"","background-image":"","background-repeat":"repeat","background-position":"center center","background-size":"auto","background-attachment":"scroll","background-type":"","background-media":"","overlay-type":"","overlay-color":"","overlay-opacity":"","overlay-gradient":""},"mobile":{"background-color":"","background-image":"","background-repeat":"repeat","background-position":"center center","background-size":"auto","background-attachment":"scroll","background-type":"","background-media":"","overlay-type":"","overlay-color":"","overlay-opacity":"","overlay-gradient":""}},"ast-content-background-meta":{"desktop":{"background-color":"var(--ast-global-color-5)","background-image":"","background-repeat":"repeat","background-position":"center center","background-size":"auto","background-attachment":"scroll","background-type":"","background-media":"","overlay-type":"","overlay-color":"","overlay-opacity":"","overlay-gradient":""},"tablet":{"background-color":"var(--ast-global-color-5)","background-image":"","background-repeat":"repeat","background-position":"center center","background-size":"auto","background-attachment":"scroll","background-type":"","background-media":"","overlay-type":"","overlay-color":"","overlay-opacity":"","overlay-gradient":""},"mobile":{"background-color":"var(--ast-global-color-5)","background-image":"","background-repeat":"repeat","background-position":"center center","background-size":"auto","background-attachment":"scroll","background-type":"","background-media":"","overlay-type":"","overlay-color":"","overlay-opacity":"","overlay-gradient":""}},"footnotes":""},"class_list":["post-1090","page","type-page","status-publish","hentry"],"yoast_head":"<!-- This site is optimized with the Yoast SEO plugin v27.4 - https:\/\/yoast.com\/product\/yoast-seo-wordpress\/ -->\n<title>CDI \/ CDD \u00e0 Bobigny | Menuiserie GUEGAN recrute<\/title>\n<meta name=\"description\" content=\"CDI \/ CDD \u2013 Rejoignez la menuiserie GUEGAN \u00e0 Bobigny, entreprise familiale alliant savoir-faire artisanal et modernit\u00e9.\" \/>\n<meta name=\"robots\" content=\"index, follow, max-snippet:-1, max-image-preview:large, max-video-preview:-1\" \/>\n<link rel=\"canonical\" href=\"https:\/\/www.etsguegan.com\/index.php\/recrutement-cdi-cdd\/\" \/>\n<meta property=\"og:locale\" content=\"fr_FR\" \/>\n<meta property=\"og:type\" content=\"article\" \/>\n<meta property=\"og:title\" content=\"CDI \/ CDD \u00e0 Bobigny | Menuiserie GUEGAN recrute\" \/>\n<meta property=\"og:description\" content=\"CDI \/ CDD \u2013 Rejoignez la menuiserie GUEGAN \u00e0 Bobigny, entreprise familiale alliant savoir-faire artisanal et modernit\u00e9.\" \/>\n<meta property=\"og:url\" content=\"https:\/\/www.etsguegan.com\/index.php\/recrutement-cdi-cdd\/\" \/>\n<meta property=\"og:site_name\" content=\"GUEGAN\" \/>\n<meta property=\"article:publisher\" content=\"https:\/\/www.facebook.com\/EtablissementsGuegan\" \/>\n<meta property=\"article:modified_time\" content=\"2025-11-10T13:28:48+00:00\" \/>\n<meta property=\"og:image\" content=\"https:\/\/www.etsguegan.com\/wp-content\/uploads\/2023\/01\/CAF-6-scaled.jpeg\" \/>\n\t<meta property=\"og:image:width\" content=\"1920\" \/>\n\t<meta property=\"og:image:height\" content=\"1440\" \/>\n\t<meta property=\"og:image:type\" content=\"image\/jpeg\" \/>\n<meta name=\"twitter:card\" content=\"summary_large_image\" \/>\n<meta name=\"twitter:label1\" content=\"Dur\u00e9e de lecture estim\u00e9e\" \/>\n\t<meta name=\"twitter:data1\" content=\"2 minutes\" \/>\n<script type=\"application\/ld+json\" class=\"yoast-schema-graph\">{\"@context\":\"https:\\\/\\\/schema.org\",\"@graph\":[{\"@type\":\"WebPage\",\"@id\":\"https:\\\/\\\/www.etsguegan.com\\\/index.php\\\/recrutement-cdi-cdd\\\/\",\"url\":\"https:\\\/\\\/www.etsguegan.com\\\/index.php\\\/recrutement-cdi-cdd\\\/\",\"name\":\"CDI \\\/ CDD \u00e0 Bobigny | Menuiserie GUEGAN recrute\",\"isPartOf\":{\"@id\":\"https:\\\/\\\/www.etsguegan.com\\\/#website\"},\"primaryImageOfPage\":{\"@id\":\"https:\\\/\\\/www.etsguegan.com\\\/index.php\\\/recrutement-cdi-cdd\\\/#primaryimage\"},\"image\":{\"@id\":\"https:\\\/\\\/www.etsguegan.com\\\/index.php\\\/recrutement-cdi-cdd\\\/#primaryimage\"},\"thumbnailUrl\":\"https:\\\/\\\/www.etsguegan.com\\\/wp-content\\\/uploads\\\/2023\\\/01\\\/CAF-6-scaled.jpeg\",\"datePublished\":\"2022-10-17T10:03:58+00:00\",\"dateModified\":\"2025-11-10T13:28:48+00:00\",\"description\":\"CDI \\\/ CDD \u2013 Rejoignez la menuiserie GUEGAN \u00e0 Bobigny, entreprise familiale alliant savoir-faire artisanal et modernit\u00e9.\",\"breadcrumb\":{\"@id\":\"https:\\\/\\\/www.etsguegan.com\\\/index.php\\\/recrutement-cdi-cdd\\\/#breadcrumb\"},\"inLanguage\":\"fr-FR\",\"potentialAction\":[{\"@type\":\"ReadAction\",\"target\":[\"https:\\\/\\\/www.etsguegan.com\\\/index.php\\\/recrutement-cdi-cdd\\\/\"]}]},{\"@type\":\"ImageObject\",\"inLanguage\":\"fr-FR\",\"@id\":\"https:\\\/\\\/www.etsguegan.com\\\/index.php\\\/recrutement-cdi-cdd\\\/#primaryimage\",\"url\":\"https:\\\/\\\/www.etsguegan.com\\\/wp-content\\\/uploads\\\/2023\\\/01\\\/CAF-6-scaled.jpeg\",\"contentUrl\":\"https:\\\/\\\/www.etsguegan.com\\\/wp-content\\\/uploads\\\/2023\\\/01\\\/CAF-6-scaled.jpeg\",\"width\":1920,\"height\":1440},{\"@type\":\"BreadcrumbList\",\"@id\":\"https:\\\/\\\/www.etsguegan.com\\\/index.php\\\/recrutement-cdi-cdd\\\/#breadcrumb\",\"itemListElement\":[{\"@type\":\"ListItem\",\"position\":1,\"name\":\"Accueil\",\"item\":\"https:\\\/\\\/www.etsguegan.com\\\/\"},{\"@type\":\"ListItem\",\"position\":2,\"name\":\"CDI \\\/ CDD\"}]},{\"@type\":\"WebSite\",\"@id\":\"https:\\\/\\\/www.etsguegan.com\\\/#website\",\"url\":\"https:\\\/\\\/www.etsguegan.com\\\/\",\"name\":\"GUEGAN\",\"description\":\"Tradition et innovation \u00e0 votre service.\",\"publisher\":{\"@id\":\"https:\\\/\\\/www.etsguegan.com\\\/#organization\"},\"potentialAction\":[{\"@type\":\"SearchAction\",\"target\":{\"@type\":\"EntryPoint\",\"urlTemplate\":\"https:\\\/\\\/www.etsguegan.com\\\/?s={search_term_string}\"},\"query-input\":{\"@type\":\"PropertyValueSpecification\",\"valueRequired\":true,\"valueName\":\"search_term_string\"}}],\"inLanguage\":\"fr-FR\"},{\"@type\":\"Organization\",\"@id\":\"https:\\\/\\\/www.etsguegan.com\\\/#organization\",\"name\":\"GUEGAN\",\"url\":\"https:\\\/\\\/www.etsguegan.com\\\/\",\"logo\":{\"@type\":\"ImageObject\",\"inLanguage\":\"fr-FR\",\"@id\":\"https:\\\/\\\/www.etsguegan.com\\\/#\\\/schema\\\/logo\\\/image\\\/\",\"url\":\"https:\\\/\\\/www.etsguegan.com\\\/wp-content\\\/uploads\\\/2024\\\/05\\\/cropped-cropped-LOGO-HORIZONTAL-COULEUR-jpg.webp\",\"contentUrl\":\"https:\\\/\\\/www.etsguegan.com\\\/wp-content\\\/uploads\\\/2024\\\/05\\\/cropped-cropped-LOGO-HORIZONTAL-COULEUR-jpg.webp\",\"width\":1190,\"height\":396,\"caption\":\"GUEGAN\"},\"image\":{\"@id\":\"https:\\\/\\\/www.etsguegan.com\\\/#\\\/schema\\\/logo\\\/image\\\/\"},\"sameAs\":[\"https:\\\/\\\/www.facebook.com\\\/EtablissementsGuegan\",\"https:\\\/\\\/fr.linkedin.com\\\/company\\\/etablissementsguegan\",\"https:\\\/\\\/www.instagram.com\\\/etablissementsguegan\"]}]}<\/script>\n<!-- \/ Yoast SEO plugin. -->","yoast_head_json":{"title":"CDI \/ CDD \u00e0 Bobigny | Menuiserie GUEGAN recrute","description":"CDI \/ CDD \u2013 Rejoignez la menuiserie GUEGAN \u00e0 Bobigny, entreprise familiale alliant savoir-faire artisanal et modernit\u00e9.","robots":{"index":"index","follow":"follow","max-snippet":"max-snippet:-1","max-image-preview":"max-image-preview:large","max-video-preview":"max-video-preview:-1"},"canonical":"https:\/\/www.etsguegan.com\/index.php\/recrutement-cdi-cdd\/","og_locale":"fr_FR","og_type":"article","og_title":"CDI \/ CDD \u00e0 Bobigny | Menuiserie GUEGAN recrute","og_description":"CDI \/ CDD \u2013 Rejoignez la menuiserie GUEGAN \u00e0 Bobigny, entreprise familiale alliant savoir-faire artisanal et modernit\u00e9.","og_url":"https:\/\/www.etsguegan.com\/index.php\/recrutement-cdi-cdd\/","og_site_name":"GUEGAN","article_publisher":"https:\/\/www.facebook.com\/EtablissementsGuegan","article_modified_time":"2025-11-10T13:28:48+00:00","og_image":[{"width":1920,"height":1440,"url":"https:\/\/www.etsguegan.com\/wp-content\/uploads\/2023\/01\/CAF-6-scaled.jpeg","type":"image\/jpeg"}],"twitter_card":"summary_large_image","twitter_misc":{"Dur\u00e9e de lecture estim\u00e9e":"2 minutes"},"schema":{"@context":"https:\/\/schema.org","@graph":[{"@type":"WebPage","@id":"https:\/\/www.etsguegan.com\/index.php\/recrutement-cdi-cdd\/","url":"https:\/\/www.etsguegan.com\/index.php\/recrutement-cdi-cdd\/","name":"CDI \/ CDD \u00e0 Bobigny | Menuiserie GUEGAN recrute","isPartOf":{"@id":"https:\/\/www.etsguegan.com\/#website"},"primaryImageOfPage":{"@id":"https:\/\/www.etsguegan.com\/index.php\/recrutement-cdi-cdd\/#primaryimage"},"image":{"@id":"https:\/\/www.etsguegan.com\/index.php\/recrutement-cdi-cdd\/#primaryimage"},"thumbnailUrl":"https:\/\/www.etsguegan.com\/wp-content\/uploads\/2023\/01\/CAF-6-scaled.jpeg","datePublished":"2022-10-17T10:03:58+00:00","dateModified":"2025-11-10T13:28:48+00:00","description":"CDI \/ CDD \u2013 Rejoignez la menuiserie GUEGAN \u00e0 Bobigny, entreprise familiale alliant savoir-faire artisanal et modernit\u00e9.","breadcrumb":{"@id":"https:\/\/www.etsguegan.com\/index.php\/recrutement-cdi-cdd\/#breadcrumb"},"inLanguage":"fr-FR","potentialAction":[{"@type":"ReadAction","target":["https:\/\/www.etsguegan.com\/index.php\/recrutement-cdi-cdd\/"]}]},{"@type":"ImageObject","inLanguage":"fr-FR","@id":"https:\/\/www.etsguegan.com\/index.php\/recrutement-cdi-cdd\/#primaryimage","url":"https:\/\/www.etsguegan.com\/wp-content\/uploads\/2023\/01\/CAF-6-scaled.jpeg","contentUrl":"https:\/\/www.etsguegan.com\/wp-content\/uploads\/2023\/01\/CAF-6-scaled.jpeg","width":1920,"height":1440},{"@type":"BreadcrumbList","@id":"https:\/\/www.etsguegan.com\/index.php\/recrutement-cdi-cdd\/#breadcrumb","itemListElement":[{"@type":"ListItem","position":1,"name":"Accueil","item":"https:\/\/www.etsguegan.com\/"},{"@type":"ListItem","position":2,"name":"CDI \/ CDD"}]},{"@type":"WebSite","@id":"https:\/\/www.etsguegan.com\/#website","url":"https:\/\/www.etsguegan.com\/","name":"GUEGAN","description":"Tradition et innovation \u00e0 votre service.","publisher":{"@id":"https:\/\/www.etsguegan.com\/#organization"},"potentialAction":[{"@type":"SearchAction","target":{"@type":"EntryPoint","urlTemplate":"https:\/\/www.etsguegan.com\/?s={search_term_string}"},"query-input":{"@type":"PropertyValueSpecification","valueRequired":true,"valueName":"search_term_string"}}],"inLanguage":"fr-FR"},{"@type":"Organization","@id":"https:\/\/www.etsguegan.com\/#organization","name":"GUEGAN","url":"https:\/\/www.etsguegan.com\/","logo":{"@type":"ImageObject","inLanguage":"fr-FR","@id":"https:\/\/www.etsguegan.com\/#\/schema\/logo\/image\/","url":"https:\/\/www.etsguegan.com\/wp-content\/uploads\/2024\/05\/cropped-cropped-LOGO-HORIZONTAL-COULEUR-jpg.webp","contentUrl":"https:\/\/www.etsguegan.com\/wp-content\/uploads\/2024\/05\/cropped-cropped-LOGO-HORIZONTAL-COULEUR-jpg.webp","width":1190,"height":396,"caption":"GUEGAN"},"image":{"@id":"https:\/\/www.etsguegan.com\/#\/schema\/logo\/image\/"},"sameAs":["https:\/\/www.facebook.com\/EtablissementsGuegan","https:\/\/fr.linkedin.com\/company\/etablissementsguegan","https:\/\/www.instagram.com\/etablissementsguegan"]}]}},"jetpack_sharing_enabled":true,"_links":{"self":[{"href":"https:\/\/www.etsguegan.com\/index.php\/wp-json\/wp\/v2\/pages\/1090","targetHints":{"allow":["GET"]}}],"collection":[{"href":"https:\/\/www.etsguegan.com\/index.php\/wp-json\/wp\/v2\/pages"}],"about":[{"href":"https:\/\/www.etsguegan.com\/index.php\/wp-json\/wp\/v2\/types\/page"}],"author":[{"embeddable":true,"href":"https:\/\/www.etsguegan.com\/index.php\/wp-json\/wp\/v2\/users\/1"}],"replies":[{"embeddable":true,"href":"https:\/\/www.etsguegan.com\/index.php\/wp-json\/wp\/v2\/comments?post=1090"}],"version-history":[{"count":0,"href":"https:\/\/www.etsguegan.com\/index.php\/wp-json\/wp\/v2\/pages\/1090\/revisions"}],"wp:attachment":[{"href":"https:\/\/www.etsguegan.com\/index.php\/wp-json\/wp\/v2\/media?parent=1090"}],"curies":[{"name":"wp","href":"https:\/\/api.w.org\/{rel}","templated":true}]}}