{"id":1092,"date":"2022-10-17T12:03:59","date_gmt":"2022-10-17T10:03:59","guid":{"rendered":"https:\/\/www.etsguegan.com\/?page_id=1092"},"modified":"2025-11-10T14:28:25","modified_gmt":"2025-11-10T13:28:25","slug":"apprentissage-menuiserie-bobigny","status":"publish","type":"page","link":"https:\/\/www.etsguegan.com\/index.php\/apprentissage-menuiserie-bobigny\/","title":{"rendered":"Apprentissage"},"content":{"rendered":"\n<div class=\"wp-block-cover is-light\" style=\"min-height:700px;aspect-ratio:unset;\"><img fetchpriority=\"high\" decoding=\"async\" width=\"1920\" height=\"1440\" class=\"wp-block-cover__image-background wp-image-2270\" alt=\"apprentissage menuiserie bobigny\" src=\"https:\/\/www.etsguegan.com\/wp-content\/uploads\/2023\/03\/IMG_E1478-scaled.jpg\" style=\"object-position:48% 39%\" data-object-fit=\"cover\" data-object-position=\"48% 39%\" srcset=\"https:\/\/www.etsguegan.com\/wp-content\/uploads\/2023\/03\/IMG_E1478-scaled.jpg 1920w, https:\/\/www.etsguegan.com\/wp-content\/uploads\/2023\/03\/IMG_E1478-300x225.jpg 300w, https:\/\/www.etsguegan.com\/wp-content\/uploads\/2023\/03\/IMG_E1478-1024x768.jpg 1024w, https:\/\/www.etsguegan.com\/wp-content\/uploads\/2023\/03\/IMG_E1478-768x576.jpg 768w, https:\/\/www.etsguegan.com\/wp-content\/uploads\/2023\/03\/IMG_E1478-1536x1152.jpg 1536w, https:\/\/www.etsguegan.com\/wp-content\/uploads\/2023\/03\/IMG_E1478-2048x1536.jpg 2048w\" sizes=\"(max-width: 1920px) 100vw, 1920px\" \/><span aria-hidden=\"true\" class=\"wp-block-cover__background has-background-dim\"><\/span><div class=\"wp-block-cover__inner-container is-layout-flow wp-block-cover-is-layout-flow\">\n<p class=\"has-text-align-center has-large-font-size\"><\/p>\n<\/div><\/div>\n\n\n\n<div style=\"height:100px\" aria-hidden=\"true\" class=\"wp-block-spacer\"><\/div>\n\n\n\n<h1 class=\"wp-block-heading has-text-color has-link-color wp-elements-d1e167ef5a27fc455b4ccd20081e14da\" style=\"color:#c19968\">Apprentissage<\/h1>\n\n\n\n<hr class=\"wp-block-separator aligncenter has-text-color has-alpha-channel-opacity has-background is-style-wide\" style=\"background-color:#c19968;color:#c19968\"\/>\n\n\n\n<div class=\"wp-block-columns is-layout-flex wp-container-core-columns-is-layout-28f84493 wp-block-columns-is-layout-flex\">\n<div class=\"wp-block-column is-vertically-aligned-center is-layout-flow wp-block-column-is-layout-flow\">\n<p style=\"font-size:26px;font-style:normal;font-weight:100\">Vous recherchez un <strong>apprentissage en menuiserie \u00e0 Bobigny<\/strong> ?<br>Les <strong>\u00c9tablissements GUEGAN<\/strong> accueillent chaque ann\u00e9e des apprentis motiv\u00e9s souhaitant se former \u00e0 un m\u00e9tier passionnant, au sein d\u2019une entreprise \u00e0 taille humaine.<\/p>\n\n\n\n<p style=\"font-size:26px;font-style:normal;font-weight:100\">Depuis <strong>1954<\/strong>, notre menuiserie familiale allie <strong>savoir-faire traditionnel<\/strong> et <strong>technologies modernes<\/strong>. Nous r\u00e9alisons des ouvrages sur mesure pour des chantiers vari\u00e9s dans toute l\u2019\u00cele-de-France. Travailler avec nous, c\u2019est apprendre les bases du m\u00e9tier aux c\u00f4t\u00e9s d\u2019artisans exp\u00e9riment\u00e9s, tout en d\u00e9couvrant les techniques les plus r\u00e9centes. <\/p>\n\n\n\n<p style=\"font-size:26px;font-style:normal;font-weight:100\">Chez <strong>GUEGAN<\/strong>, nous accueillons des apprentis issus de diff\u00e9rents parcours : CAP, Bac Pro ou BTS en menuiserie. Nous privil\u00e9gions les jeunes motiv\u00e9s, curieux et passionn\u00e9s par le travail manuel.<br>Nos formateurs accompagnent chaque apprenti dans son \u00e9volution, de la premi\u00e8re coupe de bois jusqu\u2019\u00e0 la r\u00e9alisation compl\u00e8te d\u2019un ouvrage.<br>Travailler avec nous, c\u2019est aussi b\u00e9n\u00e9ficier d\u2019un encadrement attentif et d\u2019une vraie transmission du m\u00e9tier.<br>Nous sommes fiers de participer \u00e0 la formation des futurs menuisiers qui feront vivre la tradition artisanale fran\u00e7aise.<\/p>\n\n\n\n<p style=\"font-size:26px;font-style:normal;font-weight:100\">L\u2019apprentissage chez GUEGAN, c\u2019est avant tout un <strong>partage d\u2019exp\u00e9rience<\/strong>. Nous accompagnons nos apprentis pas \u00e0 pas, dans un environnement bienveillant et exigeant. Notre objectif : leur donner les meilleures comp\u00e9tences pour r\u00e9ussir leur carri\u00e8re.<\/p>\n\n\n\n<p style=\"font-size:26px;font-style:normal;font-weight:100\">Vous apprendrez \u00e0 utiliser diff\u00e9rents outils et machines, \u00e0 comprendre les plans techniques et \u00e0 d\u00e9velopper un v\u00e9ritable sens du d\u00e9tail.<br>Nous formons aussi \u00e0 la rigueur, \u00e0 la s\u00e9curit\u00e9 et \u00e0 la qualit\u00e9, des valeurs essentielles dans notre atelier.<\/p>\n\n\n\n<p style=\"font-size:26px;font-style:normal;font-weight:100\">Si vous souhaitez apprendre la menuiserie dans une entreprise familiale reconnue, <strong>postulez d\u00e8s maintenant<\/strong> via le formulaire ci-dessous.<\/p>\n\n\n\n<p style=\"font-size:26px;font-style:normal;font-weight:100\">Pour en savoir plus sur les formations en menuiserie, consultez le site des <a href=\"https:\/\/compagnons-du-devoir.com\/\">Compagnons du Devoir<\/a> ou du <a href=\"https:\/\/www.cma-idf.fr\/\">Campus des M\u00e9tiers et de l\u2019Artisanat<\/a>.<\/p>\n\n\n\n<p style=\"font-size:26px;font-style:normal;font-weight:100\">Vous recherchez plut\u00f4t un stage ou un emploi ? D\u00e9couvrez nos autres pages d\u00e9di\u00e9es :<br>&#8211; <a href=\"https:\/\/www.etsguegan.com\/index.php\/recrutement-cdi-cdd\/\">Candidature CDI \/ CDD<\/a><br>&#8211; <a href=\"https:\/\/www.etsguegan.com\/index.php\/stage\/\">Candidature Stage<\/a><\/p>\n<\/div>\n<\/div>\n\n\n\n<div style=\"height:100px\" aria-hidden=\"true\" class=\"wp-block-spacer\"><\/div>\n\n\n\n<div class=\"wp-block-columns is-layout-flex wp-container-core-columns-is-layout-28f84493 wp-block-columns-is-layout-flex\">\n<div class=\"wp-block-column is-layout-flow wp-block-column-is-layout-flow\" style=\"flex-basis:25%\"><\/div>\n\n\n\n<div class=\"wp-block-column is-layout-flow wp-block-column-is-layout-flow\" style=\"flex-basis:50%\">\n<div class=\"wp-block-contact-form-7-contact-form-selector\">\n<div class=\"wpcf7 no-js\" id=\"wpcf7-f2675-o1\" lang=\"fr-FR\" dir=\"ltr\" data-wpcf7-id=\"2675\">\n<div class=\"screen-reader-response\"><p role=\"status\" aria-live=\"polite\" aria-atomic=\"true\"><\/p> <ul><\/ul><\/div>\n<form action=\"\/index.php\/wp-json\/wp\/v2\/pages\/1092#wpcf7-f2675-o1\" method=\"post\" class=\"wpcf7-form init\" aria-label=\"Formulaire de contact\" enctype=\"multipart\/form-data\" novalidate=\"novalidate\" data-status=\"init\">\n<fieldset class=\"hidden-fields-container\"><input type=\"hidden\" name=\"_wpcf7\" value=\"2675\" \/><input type=\"hidden\" name=\"_wpcf7_version\" value=\"6.1.5\" \/><input type=\"hidden\" name=\"_wpcf7_locale\" value=\"fr_FR\" \/><input type=\"hidden\" name=\"_wpcf7_unit_tag\" value=\"wpcf7-f2675-o1\" \/><input type=\"hidden\" name=\"_wpcf7_container_post\" value=\"0\" \/><input type=\"hidden\" name=\"_wpcf7_posted_data_hash\" value=\"\" \/><input type=\"hidden\" name=\"_wpcf7_recaptcha_response\" value=\"\" \/>\n<\/fieldset>\n<p><span class=\"wpcf7-form-control-wrap\" data-name=\"your-name\"><input size=\"40\" maxlength=\"400\" class=\"wpcf7-form-control wpcf7-text wpcf7-validates-as-required\" autocomplete=\"name\" aria-required=\"true\" aria-invalid=\"false\" placeholder=\"Nom et pr\u00e9nom\" value=\"\" type=\"text\" name=\"your-name\" \/><\/span>\n<\/p>\n<p><span class=\"wpcf7-form-control-wrap\" data-name=\"your-email\"><input size=\"40\" maxlength=\"400\" class=\"wpcf7-form-control wpcf7-email wpcf7-validates-as-required wpcf7-text wpcf7-validates-as-email\" autocomplete=\"email\" aria-required=\"true\" aria-invalid=\"false\" placeholder=\"E-mail\" value=\"\" type=\"email\" name=\"your-email\" \/><\/span>\n<\/p>\n<p><span class=\"wpcf7-form-control-wrap\" data-name=\"tel-359\"><input size=\"40\" maxlength=\"400\" class=\"wpcf7-form-control wpcf7-tel wpcf7-text wpcf7-validates-as-tel\" aria-invalid=\"false\" placeholder=\"T\u00e9l\u00e9phone\" value=\"\" type=\"tel\" name=\"tel-359\" \/><\/span>\n<\/p>\n<p><span class=\"wpcf7-form-control-wrap\" data-name=\"your-subject\"><input size=\"40\" maxlength=\"400\" class=\"wpcf7-form-control wpcf7-text wpcf7-validates-as-required\" aria-required=\"true\" aria-invalid=\"false\" placeholder=\"Objet\" value=\"\" type=\"text\" name=\"your-subject\" \/><\/span>\n<\/p>\n<p><span class=\"wpcf7-form-control-wrap\" data-name=\"your-message\"><textarea cols=\"40\" rows=\"10\" maxlength=\"2000\" class=\"wpcf7-form-control wpcf7-textarea wpcf7-validates-as-required\" aria-required=\"true\" aria-invalid=\"false\" placeholder=\"Message\" name=\"your-message\"><\/textarea><\/span>\n<\/p>\n<p><span class=\"wpcf7-form-control-wrap\" data-name=\"file-797\"><input size=\"40\" class=\"wpcf7-form-control wpcf7-file\" accept=\".pdf,.doc,.docx,.jpg,.png\" aria-invalid=\"false\" type=\"file\" name=\"file-797\" \/><\/span>\n<\/p>\n<p><span class=\"wpcf7-form-control-wrap\" data-name=\"rgpd-consent\"><span class=\"wpcf7-form-control wpcf7-checkbox wpcf7-validates-as-required\"><span class=\"wpcf7-list-item first last\"><label><input type=\"checkbox\" name=\"rgpd-consent[]\" value=\"J\u2019accepte le traitement de mes donn\u00e9es personnelles\" \/><span class=\"wpcf7-list-item-label\">J\u2019accepte le traitement de mes donn\u00e9es personnelles<\/span><\/label><\/span><\/span><\/span>\n<\/p>\n<p>Consultez notre <a href=\"https:\/\/www.etsguegan.com\/index.php\/politique-de-confidentialite\/\" target=\"_blank\" rel=\"noopener\">politique de confidentialit\u00e9<\/a>.\n<\/p>\n<p><input class=\"wpcf7-form-control wpcf7-submit has-spinner\" type=\"submit\" value=\"Envoyer\" \/>\n<\/p>\n<p class=\"akismet-disclaimer\"><br \/>\nCe formulaire utilise Akismet pour r\u00e9duire le courrier ind\u00e9sirable.<br \/>\n<a target=\"_blank\" rel=\"nofollow noopener\" href=\"https:\/\/akismet.com\/privacy\/\">D\u00e9couvrez comment vos donn\u00e9es sont trait\u00e9es.<\/a>\n<\/p><p style=\"display: none !important;\" class=\"akismet-fields-container\" data-prefix=\"_wpcf7_ak_\"><label>&#916;<textarea name=\"_wpcf7_ak_hp_textarea\" cols=\"45\" rows=\"8\" maxlength=\"100\"><\/textarea><\/label><input type=\"hidden\" id=\"ak_js_1\" name=\"_wpcf7_ak_js\" value=\"204\"\/><script>document.getElementById( \"ak_js_1\" ).setAttribute( \"value\", ( new Date() ).getTime() );<\/script><\/p><div class=\"wpcf7-response-output\" aria-hidden=\"true\"><\/div>\n<\/form>\n<\/div>\n<\/div>\n<\/div>\n\n\n\n<div class=\"wp-block-column is-layout-flow wp-block-column-is-layout-flow\" style=\"flex-basis:25%\"><\/div>\n<\/div>\n\n\n\n<div style=\"height:150px\" aria-hidden=\"true\" class=\"wp-block-spacer\"><\/div>\n\n\n<div class=\"aligncenter wp-block-site-logo\"><a href=\"https:\/\/www.etsguegan.com\/\" class=\"custom-logo-link\" rel=\"home\"><img decoding=\"async\" width=\"180\" height=\"59\" src=\"https:\/\/www.etsguegan.com\/wp-content\/uploads\/2024\/05\/cropped-cropped-LOGO-HORIZONTAL-COULEUR-jpg-250x83.webp\" class=\"custom-logo\" alt=\"Guegan\" srcset=\"https:\/\/www.etsguegan.com\/wp-content\/uploads\/2024\/05\/cropped-cropped-LOGO-HORIZONTAL-COULEUR-jpg.webp 1190w, https:\/\/www.etsguegan.com\/wp-content\/uploads\/2024\/05\/cropped-cropped-LOGO-HORIZONTAL-COULEUR-jpg-300x100.webp 300w, https:\/\/www.etsguegan.com\/wp-content\/uploads\/2024\/05\/cropped-cropped-LOGO-HORIZONTAL-COULEUR-jpg-1024x341.webp 1024w, https:\/\/www.etsguegan.com\/wp-content\/uploads\/2024\/05\/cropped-cropped-LOGO-HORIZONTAL-COULEUR-jpg-768x256.webp 768w, https:\/\/www.etsguegan.com\/wp-content\/uploads\/2024\/05\/cropped-cropped-LOGO-HORIZONTAL-COULEUR-jpg-250x83.webp 250w\" sizes=\"(max-width: 180px) 100vw, 180px\" \/><\/a><\/div>","protected":false},"excerpt":{"rendered":"<p>Apprentissage Vous recherchez un apprentissage en menuiserie \u00e0 Bobigny ?Les \u00c9tablissements GUEGAN accueillent chaque ann\u00e9e des apprentis motiv\u00e9s souhaitant se former \u00e0 un m\u00e9tier passionnant, au sein d\u2019une entreprise \u00e0 taille humaine. Depuis 1954, notre menuiserie familiale allie savoir-faire traditionnel et technologies modernes. Nous r\u00e9alisons des ouvrages sur mesure pour des chantiers vari\u00e9s dans toute [&hellip;]<\/p>\n","protected":false},"author":1,"featured_media":0,"parent":0,"menu_order":0,"comment_status":"closed","ping_status":"closed","template":"","meta":{"site-sidebar-layout":"no-sidebar","site-content-layout":"page-builder","ast-site-content-layout":"full-width-container","site-content-style":"unboxed","site-sidebar-style":"unboxed","ast-global-header-display":"","ast-banner-title-visibility":"","ast-main-header-display":"","ast-hfb-above-header-display":"","ast-hfb-below-header-display":"","ast-hfb-mobile-header-display":"","site-post-title":"disabled","ast-breadcrumbs-content":"","ast-featured-img":"disabled","footer-sml-layout":"","ast-disable-related-posts":"","theme-transparent-header-meta":"","adv-header-id-meta":"","stick-header-meta":"","header-above-stick-meta":"","header-main-stick-meta":"","header-below-stick-meta":"","astra-migrate-meta-layouts":"set","ast-page-background-enabled":"default","ast-page-background-meta":{"desktop":{"background-color":"","background-image":"","background-repeat":"repeat","background-position":"center center","background-size":"auto","background-attachment":"scroll","background-type":"","background-media":"","overlay-type":"","overlay-color":"","overlay-opacity":"","overlay-gradient":""},"tablet":{"background-color":"","background-image":"","background-repeat":"repeat","background-position":"center center","background-size":"auto","background-attachment":"scroll","background-type":"","background-media":"","overlay-type":"","overlay-color":"","overlay-opacity":"","overlay-gradient":""},"mobile":{"background-color":"","background-image":"","background-repeat":"repeat","background-position":"center center","background-size":"auto","background-attachment":"scroll","background-type":"","background-media":"","overlay-type":"","overlay-color":"","overlay-opacity":"","overlay-gradient":""}},"ast-content-background-meta":{"desktop":{"background-color":"var(--ast-global-color-5)","background-image":"","background-repeat":"repeat","background-position":"center center","background-size":"auto","background-attachment":"scroll","background-type":"","background-media":"","overlay-type":"","overlay-color":"","overlay-opacity":"","overlay-gradient":""},"tablet":{"background-color":"var(--ast-global-color-5)","background-image":"","background-repeat":"repeat","background-position":"center center","background-size":"auto","background-attachment":"scroll","background-type":"","background-media":"","overlay-type":"","overlay-color":"","overlay-opacity":"","overlay-gradient":""},"mobile":{"background-color":"var(--ast-global-color-5)","background-image":"","background-repeat":"repeat","background-position":"center center","background-size":"auto","background-attachment":"scroll","background-type":"","background-media":"","overlay-type":"","overlay-color":"","overlay-opacity":"","overlay-gradient":""}},"footnotes":""},"class_list":["post-1092","page","type-page","status-publish","hentry"],"yoast_head":"<!-- This site is optimized with the Yoast SEO plugin v27.4 - https:\/\/yoast.com\/product\/yoast-seo-wordpress\/ -->\n<title>Apprentissage menuiserie \u00e0 Bobigny | \u00c9tablissements GUEGAN<\/title>\n<meta name=\"description\" content=\"Rejoignez les \u00c9tablissements GUEGAN \u00e0 Bobigny pour un apprentissage en menuiserie. Formez-vous aupr\u00e8s d\u2019artisans passionn\u00e9s depuis 1954.\" \/>\n<meta name=\"robots\" content=\"index, follow, max-snippet:-1, max-image-preview:large, max-video-preview:-1\" \/>\n<link rel=\"canonical\" href=\"https:\/\/www.etsguegan.com\/index.php\/apprentissage-menuiserie-bobigny\/\" \/>\n<meta property=\"og:locale\" content=\"fr_FR\" \/>\n<meta property=\"og:type\" content=\"article\" \/>\n<meta property=\"og:title\" content=\"Apprentissage menuiserie \u00e0 Bobigny | \u00c9tablissements GUEGAN\" \/>\n<meta property=\"og:description\" content=\"Rejoignez les \u00c9tablissements GUEGAN \u00e0 Bobigny pour un apprentissage en menuiserie. Formez-vous aupr\u00e8s d\u2019artisans passionn\u00e9s depuis 1954.\" \/>\n<meta property=\"og:url\" content=\"https:\/\/www.etsguegan.com\/index.php\/apprentissage-menuiserie-bobigny\/\" \/>\n<meta property=\"og:site_name\" content=\"GUEGAN\" \/>\n<meta property=\"article:publisher\" content=\"https:\/\/www.facebook.com\/EtablissementsGuegan\" \/>\n<meta property=\"article:modified_time\" content=\"2025-11-10T13:28:25+00:00\" \/>\n<meta property=\"og:image\" content=\"https:\/\/www.etsguegan.com\/wp-content\/uploads\/2023\/03\/IMG_E1478-scaled.jpg\" \/>\n\t<meta property=\"og:image:width\" content=\"1920\" \/>\n\t<meta property=\"og:image:height\" content=\"1440\" \/>\n\t<meta property=\"og:image:type\" content=\"image\/jpeg\" \/>\n<meta name=\"twitter:card\" content=\"summary_large_image\" \/>\n<meta name=\"twitter:label1\" content=\"Dur\u00e9e de lecture estim\u00e9e\" \/>\n\t<meta name=\"twitter:data1\" content=\"2 minutes\" \/>\n<script type=\"application\/ld+json\" class=\"yoast-schema-graph\">{\"@context\":\"https:\\\/\\\/schema.org\",\"@graph\":[{\"@type\":\"WebPage\",\"@id\":\"https:\\\/\\\/www.etsguegan.com\\\/index.php\\\/apprentissage-menuiserie-bobigny\\\/\",\"url\":\"https:\\\/\\\/www.etsguegan.com\\\/index.php\\\/apprentissage-menuiserie-bobigny\\\/\",\"name\":\"Apprentissage menuiserie \u00e0 Bobigny | \u00c9tablissements GUEGAN\",\"isPartOf\":{\"@id\":\"https:\\\/\\\/www.etsguegan.com\\\/#website\"},\"primaryImageOfPage\":{\"@id\":\"https:\\\/\\\/www.etsguegan.com\\\/index.php\\\/apprentissage-menuiserie-bobigny\\\/#primaryimage\"},\"image\":{\"@id\":\"https:\\\/\\\/www.etsguegan.com\\\/index.php\\\/apprentissage-menuiserie-bobigny\\\/#primaryimage\"},\"thumbnailUrl\":\"https:\\\/\\\/www.etsguegan.com\\\/wp-content\\\/uploads\\\/2023\\\/03\\\/IMG_E1478-scaled.jpg\",\"datePublished\":\"2022-10-17T10:03:59+00:00\",\"dateModified\":\"2025-11-10T13:28:25+00:00\",\"description\":\"Rejoignez les \u00c9tablissements GUEGAN \u00e0 Bobigny pour un apprentissage en menuiserie. Formez-vous aupr\u00e8s d\u2019artisans passionn\u00e9s depuis 1954.\",\"breadcrumb\":{\"@id\":\"https:\\\/\\\/www.etsguegan.com\\\/index.php\\\/apprentissage-menuiserie-bobigny\\\/#breadcrumb\"},\"inLanguage\":\"fr-FR\",\"potentialAction\":[{\"@type\":\"ReadAction\",\"target\":[\"https:\\\/\\\/www.etsguegan.com\\\/index.php\\\/apprentissage-menuiserie-bobigny\\\/\"]}]},{\"@type\":\"ImageObject\",\"inLanguage\":\"fr-FR\",\"@id\":\"https:\\\/\\\/www.etsguegan.com\\\/index.php\\\/apprentissage-menuiserie-bobigny\\\/#primaryimage\",\"url\":\"https:\\\/\\\/www.etsguegan.com\\\/wp-content\\\/uploads\\\/2023\\\/03\\\/IMG_E1478-scaled.jpg\",\"contentUrl\":\"https:\\\/\\\/www.etsguegan.com\\\/wp-content\\\/uploads\\\/2023\\\/03\\\/IMG_E1478-scaled.jpg\",\"width\":1920,\"height\":1440},{\"@type\":\"BreadcrumbList\",\"@id\":\"https:\\\/\\\/www.etsguegan.com\\\/index.php\\\/apprentissage-menuiserie-bobigny\\\/#breadcrumb\",\"itemListElement\":[{\"@type\":\"ListItem\",\"position\":1,\"name\":\"Accueil\",\"item\":\"https:\\\/\\\/www.etsguegan.com\\\/\"},{\"@type\":\"ListItem\",\"position\":2,\"name\":\"Apprentissage\"}]},{\"@type\":\"WebSite\",\"@id\":\"https:\\\/\\\/www.etsguegan.com\\\/#website\",\"url\":\"https:\\\/\\\/www.etsguegan.com\\\/\",\"name\":\"GUEGAN\",\"description\":\"Tradition et innovation \u00e0 votre service.\",\"publisher\":{\"@id\":\"https:\\\/\\\/www.etsguegan.com\\\/#organization\"},\"potentialAction\":[{\"@type\":\"SearchAction\",\"target\":{\"@type\":\"EntryPoint\",\"urlTemplate\":\"https:\\\/\\\/www.etsguegan.com\\\/?s={search_term_string}\"},\"query-input\":{\"@type\":\"PropertyValueSpecification\",\"valueRequired\":true,\"valueName\":\"search_term_string\"}}],\"inLanguage\":\"fr-FR\"},{\"@type\":\"Organization\",\"@id\":\"https:\\\/\\\/www.etsguegan.com\\\/#organization\",\"name\":\"GUEGAN\",\"url\":\"https:\\\/\\\/www.etsguegan.com\\\/\",\"logo\":{\"@type\":\"ImageObject\",\"inLanguage\":\"fr-FR\",\"@id\":\"https:\\\/\\\/www.etsguegan.com\\\/#\\\/schema\\\/logo\\\/image\\\/\",\"url\":\"https:\\\/\\\/www.etsguegan.com\\\/wp-content\\\/uploads\\\/2024\\\/05\\\/cropped-cropped-LOGO-HORIZONTAL-COULEUR-jpg.webp\",\"contentUrl\":\"https:\\\/\\\/www.etsguegan.com\\\/wp-content\\\/uploads\\\/2024\\\/05\\\/cropped-cropped-LOGO-HORIZONTAL-COULEUR-jpg.webp\",\"width\":1190,\"height\":396,\"caption\":\"GUEGAN\"},\"image\":{\"@id\":\"https:\\\/\\\/www.etsguegan.com\\\/#\\\/schema\\\/logo\\\/image\\\/\"},\"sameAs\":[\"https:\\\/\\\/www.facebook.com\\\/EtablissementsGuegan\",\"https:\\\/\\\/fr.linkedin.com\\\/company\\\/etablissementsguegan\",\"https:\\\/\\\/www.instagram.com\\\/etablissementsguegan\"]}]}<\/script>\n<!-- \/ Yoast SEO plugin. -->","yoast_head_json":{"title":"Apprentissage menuiserie \u00e0 Bobigny | \u00c9tablissements GUEGAN","description":"Rejoignez les \u00c9tablissements GUEGAN \u00e0 Bobigny pour un apprentissage en menuiserie. Formez-vous aupr\u00e8s d\u2019artisans passionn\u00e9s depuis 1954.","robots":{"index":"index","follow":"follow","max-snippet":"max-snippet:-1","max-image-preview":"max-image-preview:large","max-video-preview":"max-video-preview:-1"},"canonical":"https:\/\/www.etsguegan.com\/index.php\/apprentissage-menuiserie-bobigny\/","og_locale":"fr_FR","og_type":"article","og_title":"Apprentissage menuiserie \u00e0 Bobigny | \u00c9tablissements GUEGAN","og_description":"Rejoignez les \u00c9tablissements GUEGAN \u00e0 Bobigny pour un apprentissage en menuiserie. Formez-vous aupr\u00e8s d\u2019artisans passionn\u00e9s depuis 1954.","og_url":"https:\/\/www.etsguegan.com\/index.php\/apprentissage-menuiserie-bobigny\/","og_site_name":"GUEGAN","article_publisher":"https:\/\/www.facebook.com\/EtablissementsGuegan","article_modified_time":"2025-11-10T13:28:25+00:00","og_image":[{"width":1920,"height":1440,"url":"https:\/\/www.etsguegan.com\/wp-content\/uploads\/2023\/03\/IMG_E1478-scaled.jpg","type":"image\/jpeg"}],"twitter_card":"summary_large_image","twitter_misc":{"Dur\u00e9e de lecture estim\u00e9e":"2 minutes"},"schema":{"@context":"https:\/\/schema.org","@graph":[{"@type":"WebPage","@id":"https:\/\/www.etsguegan.com\/index.php\/apprentissage-menuiserie-bobigny\/","url":"https:\/\/www.etsguegan.com\/index.php\/apprentissage-menuiserie-bobigny\/","name":"Apprentissage menuiserie \u00e0 Bobigny | \u00c9tablissements GUEGAN","isPartOf":{"@id":"https:\/\/www.etsguegan.com\/#website"},"primaryImageOfPage":{"@id":"https:\/\/www.etsguegan.com\/index.php\/apprentissage-menuiserie-bobigny\/#primaryimage"},"image":{"@id":"https:\/\/www.etsguegan.com\/index.php\/apprentissage-menuiserie-bobigny\/#primaryimage"},"thumbnailUrl":"https:\/\/www.etsguegan.com\/wp-content\/uploads\/2023\/03\/IMG_E1478-scaled.jpg","datePublished":"2022-10-17T10:03:59+00:00","dateModified":"2025-11-10T13:28:25+00:00","description":"Rejoignez les \u00c9tablissements GUEGAN \u00e0 Bobigny pour un apprentissage en menuiserie. Formez-vous aupr\u00e8s d\u2019artisans passionn\u00e9s depuis 1954.","breadcrumb":{"@id":"https:\/\/www.etsguegan.com\/index.php\/apprentissage-menuiserie-bobigny\/#breadcrumb"},"inLanguage":"fr-FR","potentialAction":[{"@type":"ReadAction","target":["https:\/\/www.etsguegan.com\/index.php\/apprentissage-menuiserie-bobigny\/"]}]},{"@type":"ImageObject","inLanguage":"fr-FR","@id":"https:\/\/www.etsguegan.com\/index.php\/apprentissage-menuiserie-bobigny\/#primaryimage","url":"https:\/\/www.etsguegan.com\/wp-content\/uploads\/2023\/03\/IMG_E1478-scaled.jpg","contentUrl":"https:\/\/www.etsguegan.com\/wp-content\/uploads\/2023\/03\/IMG_E1478-scaled.jpg","width":1920,"height":1440},{"@type":"BreadcrumbList","@id":"https:\/\/www.etsguegan.com\/index.php\/apprentissage-menuiserie-bobigny\/#breadcrumb","itemListElement":[{"@type":"ListItem","position":1,"name":"Accueil","item":"https:\/\/www.etsguegan.com\/"},{"@type":"ListItem","position":2,"name":"Apprentissage"}]},{"@type":"WebSite","@id":"https:\/\/www.etsguegan.com\/#website","url":"https:\/\/www.etsguegan.com\/","name":"GUEGAN","description":"Tradition et innovation \u00e0 votre service.","publisher":{"@id":"https:\/\/www.etsguegan.com\/#organization"},"potentialAction":[{"@type":"SearchAction","target":{"@type":"EntryPoint","urlTemplate":"https:\/\/www.etsguegan.com\/?s={search_term_string}"},"query-input":{"@type":"PropertyValueSpecification","valueRequired":true,"valueName":"search_term_string"}}],"inLanguage":"fr-FR"},{"@type":"Organization","@id":"https:\/\/www.etsguegan.com\/#organization","name":"GUEGAN","url":"https:\/\/www.etsguegan.com\/","logo":{"@type":"ImageObject","inLanguage":"fr-FR","@id":"https:\/\/www.etsguegan.com\/#\/schema\/logo\/image\/","url":"https:\/\/www.etsguegan.com\/wp-content\/uploads\/2024\/05\/cropped-cropped-LOGO-HORIZONTAL-COULEUR-jpg.webp","contentUrl":"https:\/\/www.etsguegan.com\/wp-content\/uploads\/2024\/05\/cropped-cropped-LOGO-HORIZONTAL-COULEUR-jpg.webp","width":1190,"height":396,"caption":"GUEGAN"},"image":{"@id":"https:\/\/www.etsguegan.com\/#\/schema\/logo\/image\/"},"sameAs":["https:\/\/www.facebook.com\/EtablissementsGuegan","https:\/\/fr.linkedin.com\/company\/etablissementsguegan","https:\/\/www.instagram.com\/etablissementsguegan"]}]}},"jetpack_sharing_enabled":true,"_links":{"self":[{"href":"https:\/\/www.etsguegan.com\/index.php\/wp-json\/wp\/v2\/pages\/1092","targetHints":{"allow":["GET"]}}],"collection":[{"href":"https:\/\/www.etsguegan.com\/index.php\/wp-json\/wp\/v2\/pages"}],"about":[{"href":"https:\/\/www.etsguegan.com\/index.php\/wp-json\/wp\/v2\/types\/page"}],"author":[{"embeddable":true,"href":"https:\/\/www.etsguegan.com\/index.php\/wp-json\/wp\/v2\/users\/1"}],"replies":[{"embeddable":true,"href":"https:\/\/www.etsguegan.com\/index.php\/wp-json\/wp\/v2\/comments?post=1092"}],"version-history":[{"count":0,"href":"https:\/\/www.etsguegan.com\/index.php\/wp-json\/wp\/v2\/pages\/1092\/revisions"}],"wp:attachment":[{"href":"https:\/\/www.etsguegan.com\/index.php\/wp-json\/wp\/v2\/media?parent=1092"}],"curies":[{"name":"wp","href":"https:\/\/api.w.org\/{rel}","templated":true}]}}